{"id":1285,"date":"2018-04-25T13:21:04","date_gmt":"2018-04-25T11:21:04","guid":{"rendered":"https:\/\/www.emi-conseil.ch\/?page_id=1285\/"},"modified":"2025-12-12T14:30:02","modified_gmt":"2025-12-12T13:30:02","slug":"nos-clients","status":"publish","type":"page","link":"https:\/\/www.emi-conseil.ch\/de\/nos-clients\/","title":{"rendered":"Nos clients"},"content":{"rendered":"<div class=\"wpb-content-wrapper\"><p>[vc_row 0=&#8220;&#8220;][vc_column 0=&#8220;&#8220;][vc_column_text 0=&#8220;&#8220;]\n\t\t\t<!-- START Nos clients REVOLUTION SLIDER 6.7.23 --><p class=\"rs-p-wp-fix\"><\/p>\n\t\t\t<rs-module-wrap id=\"rev_slider_22_1_wrapper\" data-source=\"gallery\" style=\"visibility:hidden;background:transparent;padding:0;margin:0px auto;margin-top:0;margin-bottom:0;\">\n\t\t\t\t<rs-module id=\"rev_slider_22_1\" style=\"\" data-version=\"6.7.23\">\n\t\t\t\t\t<rs-slides style=\"overflow: hidden; position: absolute;\">\n\t\t\t\t\t\t<rs-slide style=\"position: absolute;\" data-key=\"rs-66\" data-title=\"Slide\" data-anim=\"adpr:false;\" data-in=\"o:0;\" data-out=\"a:false;\">\n\t\t\t\t\t\t\t<img decoding=\"async\" src=\"\/\/www.emi-conseil.ch\/wp-content\/plugins\/revslider\/sr6\/assets\/assets\/dummy.png\" alt=\"\" title=\"Nos clients\" class=\"rev-slidebg tp-rs-img rs-lazyload\" data-lazyload=\"\/\/www.emi-conseil.ch\/wp-content\/uploads\/2018\/02\/renovation-slide.jpg\" data-no-retina>\n<!--\n\t\t\t\t\t\t\t--><rs-layer\n\t\t\t\t\t\t\t\tid=\"slider-22-slide-66-layer-1\" \n\t\t\t\t\t\t\t\tdata-type=\"text\"\n\t\t\t\t\t\t\t\tdata-rsp_ch=\"on\"\n\t\t\t\t\t\t\t\tdata-xy=\"xo:30px;y:m;yo:0,50px,50px,50px;\"\n\t\t\t\t\t\t\t\tdata-text=\"s:70,70,70,30;l:22;a:inherit;\"\n\t\t\t\t\t\t\t\tdata-frame_999=\"o:0;st:w;sR:8700;\"\n\t\t\t\t\t\t\t\tstyle=\"z-index:5;font-family:'Montserrat';\"\n\t\t\t\t\t\t\t>Nos clients\n \n\t\t\t\t\t\t\t<\/rs-layer><!--\n\n\t\t\t\t\t\t\t--><rs-layer\n\t\t\t\t\t\t\t\tid=\"slider-22-slide-66-layer-4\" \n\t\t\t\t\t\t\t\tclass=\"tp-shape tp-shapewrapper\"\n\t\t\t\t\t\t\t\tdata-type=\"shape\"\n\t\t\t\t\t\t\t\tdata-rsp_ch=\"on\"\n\t\t\t\t\t\t\t\tdata-xy=\"xo:30px;y:m;yo:-60px,0,-60px,0;\"\n\t\t\t\t\t\t\t\tdata-text=\"a:inherit;\"\n\t\t\t\t\t\t\t\tdata-dim=\"w:175px;h:2px;\"\n\t\t\t\t\t\t\t\tdata-frame_999=\"o:0;st:w;sR:8700;\"\n\t\t\t\t\t\t\t\tstyle=\"z-index:6;background-color:#c6aa92;\"\n\t\t\t\t\t\t\t> \n\t\t\t\t\t\t\t<\/rs-layer><!--\n\n\t\t\t\t\t\t\t--><rs-layer\n\t\t\t\t\t\t\t\tid=\"slider-22-slide-66-layer-5\" \n\t\t\t\t\t\t\t\tclass=\"trust-element\"\n\t\t\t\t\t\t\t\tdata-type=\"text\"\n\t\t\t\t\t\t\t\tdata-rsp_ch=\"on\"\n\t\t\t\t\t\t\t\tdata-xy=\"x:c;y:b;yo:160px;\"\n\t\t\t\t\t\t\t\tdata-text=\"s:18;l:22;a:center;\"\n\t\t\t\t\t\t\t\tdata-dim=\"w:100%;\"\n\t\t\t\t\t\t\t\tdata-basealign=\"slide\"\n\t\t\t\t\t\t\t\tdata-frame_999=\"o:0;st:w;sR:8700;\"\n\t\t\t\t\t\t\t\tstyle=\"z-index:7;font-family:'Montserrat';\"\n\t\t\t\t\t\t\t><div class=\"col-md-2 icons-description\">\n\n<\/div>\n<div class=\"col-md-2 icons-description\">\n\t<span class=\"icon-toolbox custom-icons\"><\/span>\n\t<p>20 ans <br>d'exp\u00e9rience<\/p>\n<\/div>\n<div class=\"col-md-2 icons-description\">\n\t<span class=\"icon-pencil custom-icons\"><\/span>\n\t<p>Traitement de 2500<br> demandes par an<\/p>\n<\/div>\n<div class=\"col-md-2 icons-description\">\n\t<span class=\"icon-map custom-icons\"><\/span>\n\t<p>Intervention sur <br>toute la Suisse<\/p>\n<\/div>\n<div class=\"col-md-2 icons-description\">\n\t<span class=\"icon-tools-2 custom-icons\"><\/span>\n\t<p>D\u00e9pannage <br>24\/24h et 7\/7j<\/p>\n<\/div>\n<div class=\"col-md-2 icons-description\">\n\n<\/div> \n\t\t\t\t\t\t\t<\/rs-layer><!--\n-->\t\t\t\t\t<\/rs-slide>\n\t\t\t\t\t<\/rs-slides>\n\t\t\t\t<\/rs-module>\n\t\t\t\t<script>\n\t\t\t\t\tsetREVStartSize({c: 'rev_slider_22_1',rl:[1240,1024,1024,480],el:[500,500,500,320],gw:[1240,1380,1380,480],gh:[500,500,500,320],type:'standard',justify:'',layout:'fullwidth',mh:\"0\"});if (window.RS_MODULES!==undefined && window.RS_MODULES.modules!==undefined && window.RS_MODULES.modules[\"revslider221\"]!==undefined) {window.RS_MODULES.modules[\"revslider221\"].once = false;window.revapi22 = undefined;if (window.RS_MODULES.checkMinimal!==undefined) window.RS_MODULES.checkMinimal()}\n\t\t\t\t<\/script>\n\t\t\t<\/rs-module-wrap>\n\t\t\t<!-- END REVOLUTION SLIDER -->\n[\/vc_column_text][\/vc_column][\/vc_row][vc_row parallax=&#8220;content-moving&#8220; css=&#8220;.vc_custom_1497345616971{padding-top: 35px !important;}&#8220;][vc_column 0=&#8220;&#8220;][vc_column_text 0=&#8220;&#8220;]<div class=\"ts-title\">\n\t\t\t<h3 >Nos clients<\/h3>\n\t\t\t<p class=\"lead\" style=\"\">Ils nous font confiance pour notre r\u00e9activit\u00e9 et la qualit\u00e9 de nos prestations<span class=\"bottom-botder\"><\/span><\/p>\n\t\t<\/div>[\/vc_column_text][\/vc_column][\/vc_row][vc_row css_animation=&#8220;fadeIn&#8220;][vc_column width=&#8220;1\/12&#8243;][\/vc_column][vc_column width=&#8220;1\/6&#8243; css=&#8220;.vc_custom_1497359165061{padding-top: 0px !important;}&#8220;][vc_single_image image=&#8220;77&#8243; img_size=&#8220;full&#8220;][vc_single_image image=&#8220;83&#8243; img_size=&#8220;full&#8220;][vc_single_image image=&#8220;90&#8243; img_size=&#8220;full&#8220;][vc_single_image image=&#8220;96&#8243; img_size=&#8220;full&#8220;][vc_single_image image=&#8220;102&#8243; img_size=&#8220;full&#8220;][vc_single_image image=&#8220;2983&#8243; img_size=&#8220;full&#8220;][vc_single_image image=&#8220;3454&#8243; img_size=&#8220;full&#8220;][vc_single_image image=&#8220;3956&#8243; img_size=&#8220;full&#8220; css=&#8220;&#8220;][\/vc_column][vc_column width=&#8220;1\/6&#8243; css=&#8220;.vc_custom_1497359170542{padding-top: 0px !important;}&#8220;][vc_single_image image=&#8220;84&#8243; img_size=&#8220;full&#8220;][vc_single_image image=&#8220;91&#8243; img_size=&#8220;full&#8220;][vc_single_image image=&#8220;97&#8243; img_size=&#8220;full&#8220;][vc_single_image image=&#8220;3153&#8243; img_size=&#8220;full&#8220;][vc_single_image image=&#8220;109&#8243; img_size=&#8220;full&#8220;][vc_single_image image=&#8220;2987&#8243; img_size=&#8220;full&#8220;][vc_single_image image=&#8220;3128&#8243; img_size=&#8220;full&#8220;][vc_single_image image=&#8220;3457&#8243; img_size=&#8220;full&#8220;][\/vc_column][vc_column width=&#8220;1\/6&#8243; css=&#8220;.vc_custom_1497359175780{padding-top: 0px !important;}&#8220;][vc_single_image image=&#8220;79&#8243; img_size=&#8220;full&#8220;][vc_single_image image=&#8220;86&#8243; img_size=&#8220;full&#8220;][vc_single_image image=&#8220;92&#8243; img_size=&#8220;full&#8220;][vc_single_image image=&#8220;98&#8243; img_size=&#8220;full&#8220;][vc_single_image image=&#8220;104&#8243; img_size=&#8220;full&#8220;][vc_single_image image=&#8220;110&#8243; img_size=&#8220;full&#8220;][vc_single_image image=&#8220;113&#8243; img_size=&#8220;full&#8220;][vc_single_image image=&#8220;3448&#8243; img_size=&#8220;full&#8220;][\/vc_column][vc_column width=&#8220;1\/6&#8243; css=&#8220;.vc_custom_1497359181230{padding-top: 0px !important;}&#8220;][vc_single_image image=&#8220;80&#8243; img_size=&#8220;full&#8220;][vc_single_image image=&#8220;88&#8243; img_size=&#8220;full&#8220;][vc_single_image image=&#8220;93&#8243; img_size=&#8220;full&#8220;][vc_single_image image=&#8220;105&#8243; img_size=&#8220;full&#8220;][vc_single_image image=&#8220;111&#8243; img_size=&#8220;full&#8220;][vc_single_image image=&#8220;2977&#8243; img_size=&#8220;full&#8220;][vc_single_image image=&#8220;3113&#8243; img_size=&#8220;full&#8220;][\/vc_column][vc_column width=&#8220;1\/6&#8243; css=&#8220;.vc_custom_1497359192165{padding-top: 0px !important;}&#8220;][vc_single_image image=&#8220;85&#8243; img_size=&#8220;full&#8220;][vc_single_image image=&#8220;94&#8243; img_size=&#8220;full&#8220;][vc_single_image image=&#8220;101&#8243; img_size=&#8220;full&#8220;][vc_single_image image=&#8220;106&#8243; img_size=&#8220;full&#8220;][vc_single_image image=&#8220;112&#8243; img_size=&#8220;full&#8220;][vc_single_image image=&#8220;3240&#8243; img_size=&#8220;full&#8220;][vc_single_image image=&#8220;3947&#8243; img_size=&#8220;full&#8220; css=&#8220;&#8220;][\/vc_column][vc_column width=&#8220;1\/12&#8243;][\/vc_column][\/vc_row]<\/p>\n<\/div>","protected":false},"excerpt":{"rendered":"<p>[vc_row 0=&#8220;&#8220;][vc_column 0=&#8220;&#8220;][vc_column_text 0=&#8220;&#8220;][\/vc_column_text][\/vc_column][\/vc_row][vc_row parallax=&#8220;content-moving&#8220; css=&#8220;.vc_custom_1497345616971{padding-top: 35px !important;}&#8220;][vc_column 0=&#8220;&#8220;][vc_column_text 0=&#8220;&#8220;][\/vc_column_text][\/vc_column][\/vc_row][vc_row css_animation=&#8220;fadeIn&#8220;][vc_column width=&#8220;1\/12&#8243;][\/vc_column][vc_column width=&#8220;1\/6&#8243; css=&#8220;.vc_custom_1497359165061{padding-top: 0px !important;}&#8220;][vc_single_image image=&#8220;77&#8243; img_size=&#8220;full&#8220;][vc_single_image image=&#8220;83&#8243; img_size=&#8220;full&#8220;][vc_single_image image=&#8220;90&#8243; img_size=&#8220;full&#8220;][vc_single_image image=&#8220;96&#8243; img_size=&#8220;full&#8220;][vc_single_image image=&#8220;102&#8243; img_size=&#8220;full&#8220;][vc_single_image image=&#8220;2983&#8243; img_size=&#8220;full&#8220;][vc_single_image image=&#8220;3454&#8243; img_size=&#8220;full&#8220;][vc_single_image image=&#8220;3956&#8243; img_size=&#8220;full&#8220; css=&#8220;&#8220;][\/vc_column][vc_column width=&#8220;1\/6&#8243; css=&#8220;.vc_custom_1497359170542{padding-top: 0px !important;}&#8220;][vc_single_image image=&#8220;84&#8243; img_size=&#8220;full&#8220;][vc_single_image image=&#8220;91&#8243; img_size=&#8220;full&#8220;][vc_single_image image=&#8220;97&#8243; img_size=&#8220;full&#8220;][vc_single_image image=&#8220;3153&#8243; img_size=&#8220;full&#8220;][vc_single_image image=&#8220;109&#8243; img_size=&#8220;full&#8220;][vc_single_image image=&#8220;2987&#8243; img_size=&#8220;full&#8220;][vc_single_image image=&#8220;3128&#8243; img_size=&#8220;full&#8220;][vc_single_image image=&#8220;3457&#8243; img_size=&#8220;full&#8220;][\/vc_column][vc_column width=&#8220;1\/6&#8243; css=&#8220;.vc_custom_1497359175780{padding-top: [&hellip;]<\/p>\n","protected":false},"author":2,"featured_media":0,"parent":0,"menu_order":0,"comment_status":"closed","ping_status":"closed","template":"","meta":{"_acf_changed":false,"footnotes":""},"class_list":["post-1285","page","type-page","status-publish","hentry"],"acf":[],"yoast_head":"<!-- This site is optimized with the Yoast SEO plugin v24.0 - https:\/\/yoast.com\/wordpress\/plugins\/seo\/ -->\n<title>Nos clients - EmiConseil<\/title>\n<meta name=\"robots\" content=\"index, follow, max-snippet:-1, max-image-preview:large, max-video-preview:-1\" \/>\n<link rel=\"canonical\" href=\"https:\/\/www.emi-conseil.ch\/de\/nos-clients\/\" \/>\n<meta property=\"og:locale\" content=\"de_DE\" \/>\n<meta property=\"og:type\" content=\"article\" \/>\n<meta property=\"og:title\" content=\"Nos clients - EmiConseil\" \/>\n<meta property=\"og:description\" content=\"[vc_row 0=&#8220;&#8220;][vc_column 0=&#8220;&#8220;][vc_column_text 0=&#8220;&#8220;][\/vc_column_text][\/vc_column][\/vc_row][vc_row parallax=&#8220;content-moving&#8220; css=&#8220;.vc_custom_1497345616971{padding-top: 35px !important;}&#8220;][vc_column 0=&#8220;&#8220;][vc_column_text 0=&#8220;&#8220;][\/vc_column_text][\/vc_column][\/vc_row][vc_row css_animation=&#8220;fadeIn&#8220;][vc_column width=&#8220;1\/12&#8243;][\/vc_column][vc_column width=&#8220;1\/6&#8243; css=&#8220;.vc_custom_1497359165061{padding-top: 0px !important;}&#8220;][vc_single_image image=&#8220;77&#8243; img_size=&#8220;full&#8220;][vc_single_image image=&#8220;83&#8243; img_size=&#8220;full&#8220;][vc_single_image image=&#8220;90&#8243; img_size=&#8220;full&#8220;][vc_single_image image=&#8220;96&#8243; img_size=&#8220;full&#8220;][vc_single_image image=&#8220;102&#8243; img_size=&#8220;full&#8220;][vc_single_image image=&#8220;2983&#8243; img_size=&#8220;full&#8220;][vc_single_image image=&#8220;3454&#8243; img_size=&#8220;full&#8220;][vc_single_image image=&#8220;3956&#8243; img_size=&#8220;full&#8220; css=&#8220;&#8220;][\/vc_column][vc_column width=&#8220;1\/6&#8243; css=&#8220;.vc_custom_1497359170542{padding-top: 0px !important;}&#8220;][vc_single_image image=&#8220;84&#8243; img_size=&#8220;full&#8220;][vc_single_image image=&#8220;91&#8243; img_size=&#8220;full&#8220;][vc_single_image image=&#8220;97&#8243; img_size=&#8220;full&#8220;][vc_single_image image=&#8220;3153&#8243; img_size=&#8220;full&#8220;][vc_single_image image=&#8220;109&#8243; img_size=&#8220;full&#8220;][vc_single_image image=&#8220;2987&#8243; img_size=&#8220;full&#8220;][vc_single_image image=&#8220;3128&#8243; img_size=&#8220;full&#8220;][vc_single_image image=&#8220;3457&#8243; img_size=&#8220;full&#8220;][\/vc_column][vc_column width=&#8220;1\/6&#8243; css=&#8220;.vc_custom_1497359175780{padding-top: [&hellip;]\" \/>\n<meta property=\"og:url\" content=\"https:\/\/www.emi-conseil.ch\/de\/nos-clients\/\" \/>\n<meta property=\"og:site_name\" content=\"EmiConseil\" \/>\n<meta property=\"article:modified_time\" content=\"2025-12-12T13:30:02+00:00\" \/>\n<meta name=\"twitter:card\" content=\"summary_large_image\" \/>\n<meta name=\"twitter:label1\" content=\"Gesch\u00e4tzte Lesezeit\" \/>\n\t<meta name=\"twitter:data1\" content=\"2\u00a0Minuten\" \/>\n<script type=\"application\/ld+json\" class=\"yoast-schema-graph\">{\"@context\":\"https:\/\/schema.org\",\"@graph\":[{\"@type\":\"WebPage\",\"@id\":\"https:\/\/www.emi-conseil.ch\/de\/nos-clients\/\",\"url\":\"https:\/\/www.emi-conseil.ch\/de\/nos-clients\/\",\"name\":\"Nos clients - EmiConseil\",\"isPartOf\":{\"@id\":\"https:\/\/www.emi-conseil.ch\/#website\"},\"datePublished\":\"2018-04-25T11:21:04+00:00\",\"dateModified\":\"2025-12-12T13:30:02+00:00\",\"breadcrumb\":{\"@id\":\"https:\/\/www.emi-conseil.ch\/de\/nos-clients\/#breadcrumb\"},\"inLanguage\":\"de\",\"potentialAction\":[{\"@type\":\"ReadAction\",\"target\":[\"https:\/\/www.emi-conseil.ch\/de\/nos-clients\/\"]}]},{\"@type\":\"BreadcrumbList\",\"@id\":\"https:\/\/www.emi-conseil.ch\/de\/nos-clients\/#breadcrumb\",\"itemListElement\":[{\"@type\":\"ListItem\",\"position\":1,\"name\":\"Accueil\",\"item\":\"https:\/\/www.emi-conseil.ch\/de\/\"},{\"@type\":\"ListItem\",\"position\":2,\"name\":\"Nos clients\"}]},{\"@type\":\"WebSite\",\"@id\":\"https:\/\/www.emi-conseil.ch\/#website\",\"url\":\"https:\/\/www.emi-conseil.ch\/\",\"name\":\"EmiConseil\",\"description\":\"\",\"publisher\":{\"@id\":\"https:\/\/www.emi-conseil.ch\/#organization\"},\"potentialAction\":[{\"@type\":\"SearchAction\",\"target\":{\"@type\":\"EntryPoint\",\"urlTemplate\":\"https:\/\/www.emi-conseil.ch\/?s={search_term_string}\"},\"query-input\":{\"@type\":\"PropertyValueSpecification\",\"valueRequired\":true,\"valueName\":\"search_term_string\"}}],\"inLanguage\":\"de\"},{\"@type\":\"Organization\",\"@id\":\"https:\/\/www.emi-conseil.ch\/#organization\",\"name\":\"EMI Conseil\",\"url\":\"https:\/\/www.emi-conseil.ch\/\",\"logo\":{\"@type\":\"ImageObject\",\"inLanguage\":\"de\",\"@id\":\"https:\/\/www.emi-conseil.ch\/#\/schema\/logo\/image\/\",\"url\":\"https:\/\/www.emi-conseil.ch\/wp-content\/uploads\/2017\/06\/emi-conseil.jpg\",\"contentUrl\":\"https:\/\/www.emi-conseil.ch\/wp-content\/uploads\/2017\/06\/emi-conseil.jpg\",\"width\":101,\"height\":94,\"caption\":\"EMI Conseil\"},\"image\":{\"@id\":\"https:\/\/www.emi-conseil.ch\/#\/schema\/logo\/image\/\"}}]}<\/script>\n<!-- \/ Yoast SEO plugin. -->","yoast_head_json":{"title":"Nos clients - EmiConseil","robots":{"index":"index","follow":"follow","max-snippet":"max-snippet:-1","max-image-preview":"max-image-preview:large","max-video-preview":"max-video-preview:-1"},"canonical":"https:\/\/www.emi-conseil.ch\/de\/nos-clients\/","og_locale":"de_DE","og_type":"article","og_title":"Nos clients - EmiConseil","og_description":"[vc_row 0=&#8220;&#8220;][vc_column 0=&#8220;&#8220;][vc_column_text 0=&#8220;&#8220;][\/vc_column_text][\/vc_column][\/vc_row][vc_row parallax=&#8220;content-moving&#8220; css=&#8220;.vc_custom_1497345616971{padding-top: 35px !important;}&#8220;][vc_column 0=&#8220;&#8220;][vc_column_text 0=&#8220;&#8220;][\/vc_column_text][\/vc_column][\/vc_row][vc_row css_animation=&#8220;fadeIn&#8220;][vc_column width=&#8220;1\/12&#8243;][\/vc_column][vc_column width=&#8220;1\/6&#8243; css=&#8220;.vc_custom_1497359165061{padding-top: 0px !important;}&#8220;][vc_single_image image=&#8220;77&#8243; img_size=&#8220;full&#8220;][vc_single_image image=&#8220;83&#8243; img_size=&#8220;full&#8220;][vc_single_image image=&#8220;90&#8243; img_size=&#8220;full&#8220;][vc_single_image image=&#8220;96&#8243; img_size=&#8220;full&#8220;][vc_single_image image=&#8220;102&#8243; img_size=&#8220;full&#8220;][vc_single_image image=&#8220;2983&#8243; img_size=&#8220;full&#8220;][vc_single_image image=&#8220;3454&#8243; img_size=&#8220;full&#8220;][vc_single_image image=&#8220;3956&#8243; img_size=&#8220;full&#8220; css=&#8220;&#8220;][\/vc_column][vc_column width=&#8220;1\/6&#8243; css=&#8220;.vc_custom_1497359170542{padding-top: 0px !important;}&#8220;][vc_single_image image=&#8220;84&#8243; img_size=&#8220;full&#8220;][vc_single_image image=&#8220;91&#8243; img_size=&#8220;full&#8220;][vc_single_image image=&#8220;97&#8243; img_size=&#8220;full&#8220;][vc_single_image image=&#8220;3153&#8243; img_size=&#8220;full&#8220;][vc_single_image image=&#8220;109&#8243; img_size=&#8220;full&#8220;][vc_single_image image=&#8220;2987&#8243; img_size=&#8220;full&#8220;][vc_single_image image=&#8220;3128&#8243; img_size=&#8220;full&#8220;][vc_single_image image=&#8220;3457&#8243; img_size=&#8220;full&#8220;][\/vc_column][vc_column width=&#8220;1\/6&#8243; css=&#8220;.vc_custom_1497359175780{padding-top: [&hellip;]","og_url":"https:\/\/www.emi-conseil.ch\/de\/nos-clients\/","og_site_name":"EmiConseil","article_modified_time":"2025-12-12T13:30:02+00:00","twitter_card":"summary_large_image","twitter_misc":{"Gesch\u00e4tzte Lesezeit":"2\u00a0Minuten"},"schema":{"@context":"https:\/\/schema.org","@graph":[{"@type":"WebPage","@id":"https:\/\/www.emi-conseil.ch\/de\/nos-clients\/","url":"https:\/\/www.emi-conseil.ch\/de\/nos-clients\/","name":"Nos clients - EmiConseil","isPartOf":{"@id":"https:\/\/www.emi-conseil.ch\/#website"},"datePublished":"2018-04-25T11:21:04+00:00","dateModified":"2025-12-12T13:30:02+00:00","breadcrumb":{"@id":"https:\/\/www.emi-conseil.ch\/de\/nos-clients\/#breadcrumb"},"inLanguage":"de","potentialAction":[{"@type":"ReadAction","target":["https:\/\/www.emi-conseil.ch\/de\/nos-clients\/"]}]},{"@type":"BreadcrumbList","@id":"https:\/\/www.emi-conseil.ch\/de\/nos-clients\/#breadcrumb","itemListElement":[{"@type":"ListItem","position":1,"name":"Accueil","item":"https:\/\/www.emi-conseil.ch\/de\/"},{"@type":"ListItem","position":2,"name":"Nos clients"}]},{"@type":"WebSite","@id":"https:\/\/www.emi-conseil.ch\/#website","url":"https:\/\/www.emi-conseil.ch\/","name":"EmiConseil","description":"","publisher":{"@id":"https:\/\/www.emi-conseil.ch\/#organization"},"potentialAction":[{"@type":"SearchAction","target":{"@type":"EntryPoint","urlTemplate":"https:\/\/www.emi-conseil.ch\/?s={search_term_string}"},"query-input":{"@type":"PropertyValueSpecification","valueRequired":true,"valueName":"search_term_string"}}],"inLanguage":"de"},{"@type":"Organization","@id":"https:\/\/www.emi-conseil.ch\/#organization","name":"EMI Conseil","url":"https:\/\/www.emi-conseil.ch\/","logo":{"@type":"ImageObject","inLanguage":"de","@id":"https:\/\/www.emi-conseil.ch\/#\/schema\/logo\/image\/","url":"https:\/\/www.emi-conseil.ch\/wp-content\/uploads\/2017\/06\/emi-conseil.jpg","contentUrl":"https:\/\/www.emi-conseil.ch\/wp-content\/uploads\/2017\/06\/emi-conseil.jpg","width":101,"height":94,"caption":"EMI Conseil"},"image":{"@id":"https:\/\/www.emi-conseil.ch\/#\/schema\/logo\/image\/"}}]}},"_links":{"self":[{"href":"https:\/\/www.emi-conseil.ch\/de\/wp-json\/wp\/v2\/pages\/1285","targetHints":{"allow":["GET"]}}],"collection":[{"href":"https:\/\/www.emi-conseil.ch\/de\/wp-json\/wp\/v2\/pages"}],"about":[{"href":"https:\/\/www.emi-conseil.ch\/de\/wp-json\/wp\/v2\/types\/page"}],"author":[{"embeddable":true,"href":"https:\/\/www.emi-conseil.ch\/de\/wp-json\/wp\/v2\/users\/2"}],"replies":[{"embeddable":true,"href":"https:\/\/www.emi-conseil.ch\/de\/wp-json\/wp\/v2\/comments?post=1285"}],"version-history":[{"count":17,"href":"https:\/\/www.emi-conseil.ch\/de\/wp-json\/wp\/v2\/pages\/1285\/revisions"}],"predecessor-version":[{"id":3963,"href":"https:\/\/www.emi-conseil.ch\/de\/wp-json\/wp\/v2\/pages\/1285\/revisions\/3963"}],"wp:attachment":[{"href":"https:\/\/www.emi-conseil.ch\/de\/wp-json\/wp\/v2\/media?parent=1285"}],"curies":[{"name":"wp","href":"https:\/\/api.w.org\/{rel}","templated":true}]}}