{"id":571,"date":"2018-02-22T11:40:55","date_gmt":"2018-02-22T10:40:55","guid":{"rendered":"https:\/\/www.emi-conseil.ch\/?page_id=571\/"},"modified":"2025-12-14T15:08:17","modified_gmt":"2025-12-14T14:08:17","slug":"bau-renovierung-genf-bern-lausanne-zurich","status":"publish","type":"page","link":"https:\/\/www.emi-conseil.ch\/de\/bau-renovierung-genf-bern-lausanne-zurich\/","title":{"rendered":"\u00dcber uns"},"content":{"rendered":"<div class=\"wpb-content-wrapper\"><p>[vc_row][vc_column]\n\t\t\t<!-- START Qui sommesnous ? REVOLUTION SLIDER 6.7.23 --><p class=\"rs-p-wp-fix\"><\/p>\n\t\t\t<rs-module-wrap id=\"rev_slider_6_1_wrapper\" data-source=\"gallery\" style=\"visibility:hidden;background:transparent;padding:0;margin:0px auto;margin-top:0;margin-bottom:0;\">\n\t\t\t\t<rs-module id=\"rev_slider_6_1\" style=\"\" data-version=\"6.7.23\">\n\t\t\t\t\t<rs-slides style=\"overflow: hidden; position: absolute;\">\n\t\t\t\t\t\t<rs-slide style=\"position: absolute;\" data-key=\"rs-49\" data-title=\"Slide\" data-anim=\"adpr:false;\" data-in=\"o:0;\" data-out=\"a:false;\">\n\t\t\t\t\t\t\t<img decoding=\"async\" src=\"\/\/www.emi-conseil.ch\/wp-content\/plugins\/revslider\/sr6\/assets\/assets\/dummy.png\" alt=\"\" title=\"\u00dcber uns\" class=\"rev-slidebg tp-rs-img rs-lazyload\" data-lazyload=\"\/\/www.emi-conseil.ch\/wp-content\/uploads\/2017\/06\/emilight-slide.jpg\" data-no-retina>\n<!--\n\t\t\t\t\t\t\t--><rs-layer\n\t\t\t\t\t\t\t\tid=\"slider-6-slide-49-layer-1\" \n\t\t\t\t\t\t\t\tdata-type=\"text\"\n\t\t\t\t\t\t\t\tdata-rsp_ch=\"on\"\n\t\t\t\t\t\t\t\tdata-xy=\"xo:30px;y:m;yo:0,50px,50px,50px;\"\n\t\t\t\t\t\t\t\tdata-text=\"s:70,70,70,30;l:22;a:inherit;\"\n\t\t\t\t\t\t\t\tdata-frame_999=\"o:0;st:w;sR:8700;\"\n\t\t\t\t\t\t\t\tstyle=\"z-index:5;font-family:'Montserrat';\"\n\t\t\t\t\t\t\t>\u00dcber uns \n\t\t\t\t\t\t\t<\/rs-layer><!--\n\n\t\t\t\t\t\t\t--><rs-layer\n\t\t\t\t\t\t\t\tid=\"slider-6-slide-49-layer-4\" \n\t\t\t\t\t\t\t\tclass=\"tp-shape tp-shapewrapper\"\n\t\t\t\t\t\t\t\tdata-type=\"shape\"\n\t\t\t\t\t\t\t\tdata-rsp_ch=\"on\"\n\t\t\t\t\t\t\t\tdata-xy=\"xo:30px;y:m;yo:-60px,0,-60px,0;\"\n\t\t\t\t\t\t\t\tdata-text=\"a:inherit;\"\n\t\t\t\t\t\t\t\tdata-dim=\"w:175px;h:2px;\"\n\t\t\t\t\t\t\t\tdata-frame_999=\"o:0;st:w;sR:8700;\"\n\t\t\t\t\t\t\t\tstyle=\"z-index:6;background-color:#c6aa92;\"\n\t\t\t\t\t\t\t> \n\t\t\t\t\t\t\t<\/rs-layer><!--\n\n\t\t\t\t\t\t\t--><rs-layer\n\t\t\t\t\t\t\t\tid=\"slider-6-slide-49-layer-5\" \n\t\t\t\t\t\t\t\tclass=\"trust-element\"\n\t\t\t\t\t\t\t\tdata-type=\"text\"\n\t\t\t\t\t\t\t\tdata-rsp_ch=\"on\"\n\t\t\t\t\t\t\t\tdata-xy=\"x:c;xo:-11px;y:b;yo:145px;\"\n\t\t\t\t\t\t\t\tdata-text=\"s:18;l:22;a:center;\"\n\t\t\t\t\t\t\t\tdata-dim=\"w:100%;\"\n\t\t\t\t\t\t\t\tdata-basealign=\"slide\"\n\t\t\t\t\t\t\t\tdata-frame_999=\"o:0;st:w;sR:8700;\"\n\t\t\t\t\t\t\t\tstyle=\"z-index:7;font-family:'Montserrat';\"\n\t\t\t\t\t\t\t><div class=\"col-md-2 icons-description\">\n\n<\/div>\n<div class=\"col-md-2 icons-description\">\n\t<span class=\"icon-toolbox custom-icons\"><\/span>\n\t<p>20 Jahren  <br>Erfahrung<\/p>\n<\/div>\n<div class=\"col-md-2 icons-description\">\n\t<span class=\"icon-pencil custom-icons\"><\/span>\n\t<p>2500 Anfragen <br> pro Jahr bearbeitet<\/p>\n<\/div>\n<div class=\"col-md-2 icons-description\">\n\t<span class=\"icon-map custom-icons\"><\/span>\n\t<p>Intervention in der  <br>ganzen Schweiz<\/p>\n<\/div>\n<div class=\"col-md-2 icons-description\">\n\t<span class=\"icon-tools-2 custom-icons\"><\/span>\n\t<p>Kundendienst  <br>24\/24 und 7\/7j<\/p>\n<\/div>\n<div class=\"col-md-2 icons-description\">\n\n<\/div> \n\t\t\t\t\t\t\t<\/rs-layer><!--\n-->\t\t\t\t\t<\/rs-slide>\n\t\t\t\t\t<\/rs-slides>\n\t\t\t\t<\/rs-module>\n\t\t\t\t<script>\n\t\t\t\t\tsetREVStartSize({c: 'rev_slider_6_1',rl:[1240,1024,1024,480],el:[500,500,500,320],gw:[1299,1380,1380,480],gh:[500,500,500,320],type:'standard',justify:'',layout:'fullwidth',mh:\"0\"});if (window.RS_MODULES!==undefined && window.RS_MODULES.modules!==undefined && window.RS_MODULES.modules[\"revslider61\"]!==undefined) {window.RS_MODULES.modules[\"revslider61\"].once = false;window.revapi6 = undefined;if (window.RS_MODULES.checkMinimal!==undefined) window.RS_MODULES.checkMinimal()}\n\t\t\t\t<\/script>\n\t\t\t<\/rs-module-wrap>\n\t\t\t<!-- END REVOLUTION SLIDER -->\n[vc_column_text el_class=&#8220;Titre-home&#8220;]<\/p>\n<h1>Bau Renovierung Genf Bern Lausanne z\u00fcrich<\/h1>\n<p>[\/vc_column_text][\/vc_column][\/vc_row][vc_row parallax=&#8220;content-moving&#8220;][vc_column][vc_column_text css=&#8220;&#8220;]<div class=\"ts-title\">\n\t\t\t<h3 >Wer sind wir?<\/h3>\n\t\t\t<p class=\"lead\" style=\"\">Seit vielen Jahren stellt die in Genf ans\u00e4ssige Firma Emi Conseil ihre Erfahrung im Facility Management und in der Konstruktion in den Dienst ihrer Kunden.<span class=\"bottom-botder\"><\/span><\/p>\n\t\t<\/div>[\/vc_column_text][\/vc_column][\/vc_row][vc_row parallax=&#8220;content-moving&#8220; parallax_image=&#8220;24&#8243; el_class=&#8220;services&#8220; css=&#8220;.vc_custom_1497866580459{padding-bottom: 60px !important;}&#8220;][vc_column el_class=&#8220;contact-map&#8220;][vc_row_inner][vc_column_inner width=&#8220;1\/2&#8243;][vc_single_image image=&#8220;768&#8243; img_size=&#8220;full&#8220; alignment=&#8220;center&#8220; css_animation=&#8220;flipInX&#8220;][\/vc_column_inner][vc_column_inner width=&#8220;1\/2&#8243;][vc_column_text css=&#8220;.vc_custom_1765721240773{margin-bottom: 80px !important;}&#8220;]<strong>Vertrauen Sie dem Spezialisten!<\/strong><\/p>\n<p>Seit vielen Jahren stellt die in Genf ans\u00e4ssige Firma Emi Conseil ihre Erfahrung im Facility Management und in der Konstruktion in den Dienst ihrer Kunden.<\/p>\n<p>Emi Conseil, bietet Ihnen die <strong>optimale L\u00f6sung<\/strong> f\u00fcr jedes Projekt. Wir begleiten Sie auf allen Etappen:<\/p>\n<ul>\n<li>Machbarkeitsstudien<\/li>\n<li>Einholen von Genehmigungen<\/li>\n<li>Planung,<\/li>\n<li>Baustellenbegleitung,<\/li>\n<li>Instandhaltung,<\/li>\n<li>Notdienst.<\/li>\n<\/ul>\n<p><strong>Wir sind \u00fcberall!<\/strong><\/p>\n<p>Emi Conseil ist Ihr Partner in der ganzen Schweiz, denn wir sprechen <strong>Franz\u00f6sisch, Deutsch und Englisch.<\/strong> Zurzeit betreuen wir bereits <strong>250 Gesch\u00e4fte<\/strong> und B\u00fcror\u00e4ume.<\/p>\n<p>Unser umfassendes Netzwerk aus sorgf\u00e4ltig ausgew\u00e4hlten und kompetenten Partnern erm\u00f6glicht eine besonders kurzfristige Reaktion auf Ihre Anfragen und eine reibungslose Abwicklung.<\/p>\n<p><strong>Schlafen sie ruhig!<\/strong><\/p>\n<p>Unser proaktiver Kundenservice wacht \u00fcber unsere Kunden. \u00a0Emi Conseil besucht Sie regelm\u00e4ssig und informiert Sie ausf\u00fchrlich \u00fcber den Zustand ihrer R\u00e4umlichkeiten und Anlagen. Wir beraten Sie kompetent und weisen Sie rechtzeitig auf gegebenenfalls notwendige Eingriffe hin.<\/p>\n<p>Emi Conseil <strong>handelt schnell und effizient. <\/strong>Ihr Bed\u00fcrfnis ist unsere Priorit\u00e4t![\/vc_column_text][\/vc_column_inner][\/vc_row_inner][vc_column_text]<\/p>\n\n\t\t<div id='gallery-1' class='gallery galleryid-571 gallery-columns-4 gallery-size-full gallery1'><script type=\"text\/javascript\">\r\n\/\/ <![CDATA[\r\n\tjQuery(document).ready(function () {\r\n\t\tjQuery(\".gallery1 a\").attr(\"rel\",\"gallery1\");\t\r\n\t\tjQuery('a[rel=\"gallery1\"]').colorbox({maxWidth:\"95%\", maxHeight:\"95%\",title: function(){ return jQuery(this).children().attr(\"alt\"); }, });\r\n\t});\r\n\/\/ ]]>\r\n<\/script>\n<figure class=\"gallery-item\">\n<div class=\"gallery-icon\">\r\n<a href=\"https:\/\/www.emi-conseil.ch\/wp-content\/uploads\/2017\/06\/emi-conseil-1.jpg\" title=\"\" rel=\"gallery1\"><img loading=\"lazy\" decoding=\"async\" src=\"https:\/\/www.emi-conseil.ch\/wp-content\/uploads\/2017\/06\/emi-conseil-1.jpg\" width=\"1000\" height=\"750\" alt=\"renovation company geneva lausanne zurich\" \/><\/a>\r\n<\/div><\/figure><figure class=\"gallery-item\">\n<div class=\"gallery-icon\">\r\n<a href=\"https:\/\/www.emi-conseil.ch\/wp-content\/uploads\/2017\/06\/emi-conseil-2.jpg\" title=\"\" rel=\"gallery1\"><img loading=\"lazy\" decoding=\"async\" src=\"https:\/\/www.emi-conseil.ch\/wp-content\/uploads\/2017\/06\/emi-conseil-2.jpg\" width=\"1000\" height=\"750\" alt=\"facility management glatt nyon monthey\" \/><\/a>\r\n<\/div><\/figure><figure class=\"gallery-item\">\n<div class=\"gallery-icon\">\r\n<a href=\"https:\/\/www.emi-conseil.ch\/wp-content\/uploads\/2017\/06\/emi-conseil-3.jpg\" title=\"\" rel=\"gallery1\"><img loading=\"lazy\" decoding=\"async\" src=\"https:\/\/www.emi-conseil.ch\/wp-content\/uploads\/2017\/06\/emi-conseil-3.jpg\" width=\"1000\" height=\"750\" alt=\"construction maintenance martigny luzern freiburg\" \/><\/a>\r\n<\/div><\/figure><figure class=\"gallery-item\">\n<div class=\"gallery-icon\">\r\n<a href=\"https:\/\/www.emi-conseil.ch\/wp-content\/uploads\/2017\/06\/emi-conseil-4.jpg\" title=\"\" rel=\"gallery1\"><img loading=\"lazy\" decoding=\"async\" src=\"https:\/\/www.emi-conseil.ch\/wp-content\/uploads\/2017\/06\/emi-conseil-4.jpg\" width=\"1000\" height=\"750\" alt=\"renovation amenagement lugano montreux conthey\" \/><\/a>\r\n<\/div><\/figure>\r\n\t\t<\/div>\n\n<p>[\/vc_column_text][\/vc_column][\/vc_row]<\/p>\n<\/div>","protected":false},"excerpt":{"rendered":"<p>[vc_row][vc_column][vc_column_text el_class=&#8220;Titre-home&#8220;] Bau Renovierung Genf Bern Lausanne z\u00fcrich [\/vc_column_text][\/vc_column][\/vc_row][vc_row parallax=&#8220;content-moving&#8220;][vc_column][vc_column_text css=&#8220;&#8220;][\/vc_column_text][\/vc_column][\/vc_row][vc_row parallax=&#8220;content-moving&#8220; parallax_image=&#8220;24&#8243; el_class=&#8220;services&#8220; css=&#8220;.vc_custom_1497866580459{padding-bottom: 60px !important;}&#8220;][vc_column el_class=&#8220;contact-map&#8220;][vc_row_inner][vc_column_inner width=&#8220;1\/2&#8243;][vc_single_image image=&#8220;768&#8243; img_size=&#8220;full&#8220; alignment=&#8220;center&#8220; css_animation=&#8220;flipInX&#8220;][\/vc_column_inner][vc_column_inner width=&#8220;1\/2&#8243;][vc_column_text css=&#8220;.vc_custom_1765721240773{margin-bottom: 80px !important;}&#8220;]Vertrauen Sie dem Spezialisten! Seit vielen Jahren stellt die in Genf ans\u00e4ssige Firma Emi Conseil ihre Erfahrung im Facility Management und in der Konstruktion in den Dienst ihrer Kunden. [&hellip;]<\/p>\n","protected":false},"author":2,"featured_media":0,"parent":0,"menu_order":0,"comment_status":"closed","ping_status":"closed","template":"","meta":{"_acf_changed":false,"footnotes":""},"class_list":["post-571","page","type-page","status-publish","hentry"],"acf":[],"yoast_head":"<!-- This site is optimized with the Yoast SEO plugin v24.0 - https:\/\/yoast.com\/wordpress\/plugins\/seo\/ -->\n<title>Emi Conseil | Construction R\u00e9novation Gen\u00e8ve Berne Lausanne Zurich<\/title>\n<meta name=\"description\" content=\"Emi Conseil vous propose une solution adapt\u00e9e \u00e0 chacun de vos projets. L&#039;entreprise g\u00e9n\u00e9rale propose des travaux de r\u00e9novation, de construction et d&#039;am\u00e9nagement. Sur Gen\u00e8ve, Berne, Lausanne, Zurich, B\u00e2le, Neuch\u00e2tel l&#039;\u00e9quipe organise la maintenance de vos locaux \u00e0 l&#039;aide du facility management.\" \/>\n<meta name=\"robots\" content=\"index, follow, max-snippet:-1, max-image-preview:large, max-video-preview:-1\" \/>\n<link rel=\"canonical\" href=\"https:\/\/www.emi-conseil.ch\/de\/bau-renovierung-genf-bern-lausanne-zurich\/\" \/>\n<meta property=\"og:locale\" content=\"de_DE\" \/>\n<meta property=\"og:type\" content=\"article\" \/>\n<meta property=\"og:title\" content=\"Emi Conseil | Construction R\u00e9novation Gen\u00e8ve Berne Lausanne Zurich\" \/>\n<meta property=\"og:description\" content=\"Emi Conseil vous propose une solution adapt\u00e9e \u00e0 chacun de vos projets. L&#039;entreprise g\u00e9n\u00e9rale propose des travaux de r\u00e9novation, de construction et d&#039;am\u00e9nagement. Sur Gen\u00e8ve, Berne, Lausanne, Zurich, B\u00e2le, Neuch\u00e2tel l&#039;\u00e9quipe organise la maintenance de vos locaux \u00e0 l&#039;aide du facility management.\" \/>\n<meta property=\"og:url\" content=\"https:\/\/www.emi-conseil.ch\/de\/bau-renovierung-genf-bern-lausanne-zurich\/\" \/>\n<meta property=\"og:site_name\" content=\"EmiConseil\" \/>\n<meta property=\"article:modified_time\" content=\"2025-12-14T14:08:17+00:00\" \/>\n<meta name=\"twitter:card\" content=\"summary_large_image\" \/>\n<meta name=\"twitter:label1\" content=\"Gesch\u00e4tzte Lesezeit\" \/>\n\t<meta name=\"twitter:data1\" content=\"2\u00a0Minuten\" \/>\n<script type=\"application\/ld+json\" class=\"yoast-schema-graph\">{\"@context\":\"https:\/\/schema.org\",\"@graph\":[{\"@type\":\"WebPage\",\"@id\":\"https:\/\/www.emi-conseil.ch\/de\/bau-renovierung-genf-bern-lausanne-zurich\/\",\"url\":\"https:\/\/www.emi-conseil.ch\/de\/bau-renovierung-genf-bern-lausanne-zurich\/\",\"name\":\"Emi Conseil | Construction R\u00e9novation Gen\u00e8ve Berne Lausanne Zurich\",\"isPartOf\":{\"@id\":\"https:\/\/www.emi-conseil.ch\/#website\"},\"datePublished\":\"2018-02-22T10:40:55+00:00\",\"dateModified\":\"2025-12-14T14:08:17+00:00\",\"description\":\"Emi Conseil vous propose une solution adapt\u00e9e \u00e0 chacun de vos projets. L'entreprise g\u00e9n\u00e9rale propose des travaux de r\u00e9novation, de construction et d'am\u00e9nagement. Sur Gen\u00e8ve, Berne, Lausanne, Zurich, B\u00e2le, Neuch\u00e2tel l'\u00e9quipe organise la maintenance de vos locaux \u00e0 l'aide du facility management.\",\"breadcrumb\":{\"@id\":\"https:\/\/www.emi-conseil.ch\/de\/bau-renovierung-genf-bern-lausanne-zurich\/#breadcrumb\"},\"inLanguage\":\"de\",\"potentialAction\":[{\"@type\":\"ReadAction\",\"target\":[\"https:\/\/www.emi-conseil.ch\/de\/bau-renovierung-genf-bern-lausanne-zurich\/\"]}]},{\"@type\":\"BreadcrumbList\",\"@id\":\"https:\/\/www.emi-conseil.ch\/de\/bau-renovierung-genf-bern-lausanne-zurich\/#breadcrumb\",\"itemListElement\":[{\"@type\":\"ListItem\",\"position\":1,\"name\":\"Accueil\",\"item\":\"https:\/\/www.emi-conseil.ch\/de\/\"},{\"@type\":\"ListItem\",\"position\":2,\"name\":\"\u00dcber uns\"}]},{\"@type\":\"WebSite\",\"@id\":\"https:\/\/www.emi-conseil.ch\/#website\",\"url\":\"https:\/\/www.emi-conseil.ch\/\",\"name\":\"EmiConseil\",\"description\":\"\",\"publisher\":{\"@id\":\"https:\/\/www.emi-conseil.ch\/#organization\"},\"potentialAction\":[{\"@type\":\"SearchAction\",\"target\":{\"@type\":\"EntryPoint\",\"urlTemplate\":\"https:\/\/www.emi-conseil.ch\/?s={search_term_string}\"},\"query-input\":{\"@type\":\"PropertyValueSpecification\",\"valueRequired\":true,\"valueName\":\"search_term_string\"}}],\"inLanguage\":\"de\"},{\"@type\":\"Organization\",\"@id\":\"https:\/\/www.emi-conseil.ch\/#organization\",\"name\":\"EMI Conseil\",\"url\":\"https:\/\/www.emi-conseil.ch\/\",\"logo\":{\"@type\":\"ImageObject\",\"inLanguage\":\"de\",\"@id\":\"https:\/\/www.emi-conseil.ch\/#\/schema\/logo\/image\/\",\"url\":\"https:\/\/www.emi-conseil.ch\/wp-content\/uploads\/2017\/06\/emi-conseil.jpg\",\"contentUrl\":\"https:\/\/www.emi-conseil.ch\/wp-content\/uploads\/2017\/06\/emi-conseil.jpg\",\"width\":101,\"height\":94,\"caption\":\"EMI Conseil\"},\"image\":{\"@id\":\"https:\/\/www.emi-conseil.ch\/#\/schema\/logo\/image\/\"}}]}<\/script>\n<!-- \/ Yoast SEO plugin. -->","yoast_head_json":{"title":"Emi Conseil | Construction R\u00e9novation Gen\u00e8ve Berne Lausanne Zurich","description":"Emi Conseil vous propose une solution adapt\u00e9e \u00e0 chacun de vos projets. L'entreprise g\u00e9n\u00e9rale propose des travaux de r\u00e9novation, de construction et d'am\u00e9nagement. Sur Gen\u00e8ve, Berne, Lausanne, Zurich, B\u00e2le, Neuch\u00e2tel l'\u00e9quipe organise la maintenance de vos locaux \u00e0 l'aide du facility management.","robots":{"index":"index","follow":"follow","max-snippet":"max-snippet:-1","max-image-preview":"max-image-preview:large","max-video-preview":"max-video-preview:-1"},"canonical":"https:\/\/www.emi-conseil.ch\/de\/bau-renovierung-genf-bern-lausanne-zurich\/","og_locale":"de_DE","og_type":"article","og_title":"Emi Conseil | Construction R\u00e9novation Gen\u00e8ve Berne Lausanne Zurich","og_description":"Emi Conseil vous propose une solution adapt\u00e9e \u00e0 chacun de vos projets. L'entreprise g\u00e9n\u00e9rale propose des travaux de r\u00e9novation, de construction et d'am\u00e9nagement. Sur Gen\u00e8ve, Berne, Lausanne, Zurich, B\u00e2le, Neuch\u00e2tel l'\u00e9quipe organise la maintenance de vos locaux \u00e0 l'aide du facility management.","og_url":"https:\/\/www.emi-conseil.ch\/de\/bau-renovierung-genf-bern-lausanne-zurich\/","og_site_name":"EmiConseil","article_modified_time":"2025-12-14T14:08:17+00:00","twitter_card":"summary_large_image","twitter_misc":{"Gesch\u00e4tzte Lesezeit":"2\u00a0Minuten"},"schema":{"@context":"https:\/\/schema.org","@graph":[{"@type":"WebPage","@id":"https:\/\/www.emi-conseil.ch\/de\/bau-renovierung-genf-bern-lausanne-zurich\/","url":"https:\/\/www.emi-conseil.ch\/de\/bau-renovierung-genf-bern-lausanne-zurich\/","name":"Emi Conseil | Construction R\u00e9novation Gen\u00e8ve Berne Lausanne Zurich","isPartOf":{"@id":"https:\/\/www.emi-conseil.ch\/#website"},"datePublished":"2018-02-22T10:40:55+00:00","dateModified":"2025-12-14T14:08:17+00:00","description":"Emi Conseil vous propose une solution adapt\u00e9e \u00e0 chacun de vos projets. L'entreprise g\u00e9n\u00e9rale propose des travaux de r\u00e9novation, de construction et d'am\u00e9nagement. Sur Gen\u00e8ve, Berne, Lausanne, Zurich, B\u00e2le, Neuch\u00e2tel l'\u00e9quipe organise la maintenance de vos locaux \u00e0 l'aide du facility management.","breadcrumb":{"@id":"https:\/\/www.emi-conseil.ch\/de\/bau-renovierung-genf-bern-lausanne-zurich\/#breadcrumb"},"inLanguage":"de","potentialAction":[{"@type":"ReadAction","target":["https:\/\/www.emi-conseil.ch\/de\/bau-renovierung-genf-bern-lausanne-zurich\/"]}]},{"@type":"BreadcrumbList","@id":"https:\/\/www.emi-conseil.ch\/de\/bau-renovierung-genf-bern-lausanne-zurich\/#breadcrumb","itemListElement":[{"@type":"ListItem","position":1,"name":"Accueil","item":"https:\/\/www.emi-conseil.ch\/de\/"},{"@type":"ListItem","position":2,"name":"\u00dcber uns"}]},{"@type":"WebSite","@id":"https:\/\/www.emi-conseil.ch\/#website","url":"https:\/\/www.emi-conseil.ch\/","name":"EmiConseil","description":"","publisher":{"@id":"https:\/\/www.emi-conseil.ch\/#organization"},"potentialAction":[{"@type":"SearchAction","target":{"@type":"EntryPoint","urlTemplate":"https:\/\/www.emi-conseil.ch\/?s={search_term_string}"},"query-input":{"@type":"PropertyValueSpecification","valueRequired":true,"valueName":"search_term_string"}}],"inLanguage":"de"},{"@type":"Organization","@id":"https:\/\/www.emi-conseil.ch\/#organization","name":"EMI Conseil","url":"https:\/\/www.emi-conseil.ch\/","logo":{"@type":"ImageObject","inLanguage":"de","@id":"https:\/\/www.emi-conseil.ch\/#\/schema\/logo\/image\/","url":"https:\/\/www.emi-conseil.ch\/wp-content\/uploads\/2017\/06\/emi-conseil.jpg","contentUrl":"https:\/\/www.emi-conseil.ch\/wp-content\/uploads\/2017\/06\/emi-conseil.jpg","width":101,"height":94,"caption":"EMI Conseil"},"image":{"@id":"https:\/\/www.emi-conseil.ch\/#\/schema\/logo\/image\/"}}]}},"_links":{"self":[{"href":"https:\/\/www.emi-conseil.ch\/de\/wp-json\/wp\/v2\/pages\/571","targetHints":{"allow":["GET"]}}],"collection":[{"href":"https:\/\/www.emi-conseil.ch\/de\/wp-json\/wp\/v2\/pages"}],"about":[{"href":"https:\/\/www.emi-conseil.ch\/de\/wp-json\/wp\/v2\/types\/page"}],"author":[{"embeddable":true,"href":"https:\/\/www.emi-conseil.ch\/de\/wp-json\/wp\/v2\/users\/2"}],"replies":[{"embeddable":true,"href":"https:\/\/www.emi-conseil.ch\/de\/wp-json\/wp\/v2\/comments?post=571"}],"version-history":[{"count":16,"href":"https:\/\/www.emi-conseil.ch\/de\/wp-json\/wp\/v2\/pages\/571\/revisions"}],"predecessor-version":[{"id":3972,"href":"https:\/\/www.emi-conseil.ch\/de\/wp-json\/wp\/v2\/pages\/571\/revisions\/3972"}],"wp:attachment":[{"href":"https:\/\/www.emi-conseil.ch\/de\/wp-json\/wp\/v2\/media?parent=571"}],"curies":[{"name":"wp","href":"https:\/\/api.w.org\/{rel}","templated":true}]}}