{"id":584,"date":"2018-02-23T13:12:22","date_gmt":"2018-02-23T12:12:22","guid":{"rendered":"https:\/\/www.emi-conseil.ch\/?page_id=584\/"},"modified":"2018-09-07T00:10:43","modified_gmt":"2018-09-06T22:10:43","slug":"einrichtung-instandhaltung-facility-management-genf","status":"publish","type":"page","link":"https:\/\/www.emi-conseil.ch\/de\/einrichtung-instandhaltung-facility-management-genf\/","title":{"rendered":"Facility Management"},"content":{"rendered":"<div class=\"wpb-content-wrapper\"><p>[vc_row][vc_column]\n\t\t\t<!-- START Facility Management REVOLUTION SLIDER 6.7.23 --><p class=\"rs-p-wp-fix\"><\/p>\n\t\t\t<rs-module-wrap id=\"rev_slider_11_1_wrapper\" data-source=\"gallery\" style=\"visibility:hidden;background:transparent;padding:0;margin:0px auto;margin-top:0;margin-bottom:0;\">\n\t\t\t\t<rs-module id=\"rev_slider_11_1\" style=\"\" data-version=\"6.7.23\">\n\t\t\t\t\t<rs-slides style=\"overflow: hidden; position: absolute;\">\n\t\t\t\t\t\t<rs-slide style=\"position: absolute;\" data-key=\"rs-19\" data-title=\"Slide\" data-anim=\"adpr:false;\" data-in=\"o:0;\" data-out=\"a:false;\">\n\t\t\t\t\t\t\t<img decoding=\"async\" src=\"\/\/www.emi-conseil.ch\/wp-content\/plugins\/revslider\/sr6\/assets\/assets\/dummy.png\" alt=\"\" title=\"IMG_2500\" width=\"2794\" height=\"2096\" class=\"rev-slidebg tp-rs-img rs-lazyload\" data-lazyload=\"\/\/www.emi-conseil.ch\/wp-content\/uploads\/2024\/01\/IMG_2500.jpg\" data-no-retina>\n<!--\n\t\t\t\t\t\t\t--><rs-layer\n\t\t\t\t\t\t\t\tid=\"slider-11-slide-19-layer-1\" \n\t\t\t\t\t\t\t\tdata-type=\"text\"\n\t\t\t\t\t\t\t\tdata-rsp_ch=\"on\"\n\t\t\t\t\t\t\t\tdata-xy=\"xo:30px;y:m;yo:0,50px,50px,50px;\"\n\t\t\t\t\t\t\t\tdata-text=\"s:70,70,70,30;l:22;a:inherit;\"\n\t\t\t\t\t\t\t\tdata-frame_999=\"o:0;st:w;sR:8700;\"\n\t\t\t\t\t\t\t\tstyle=\"z-index:5;font-family:'Montserrat';\"\n\t\t\t\t\t\t\t>Facility Management \n\t\t\t\t\t\t\t<\/rs-layer><!--\n\n\t\t\t\t\t\t\t--><rs-layer\n\t\t\t\t\t\t\t\tid=\"slider-11-slide-19-layer-4\" \n\t\t\t\t\t\t\t\tclass=\"tp-shape tp-shapewrapper\"\n\t\t\t\t\t\t\t\tdata-type=\"shape\"\n\t\t\t\t\t\t\t\tdata-rsp_ch=\"on\"\n\t\t\t\t\t\t\t\tdata-xy=\"xo:30px;y:m;yo:-60px,0,-60px,0;\"\n\t\t\t\t\t\t\t\tdata-text=\"a:inherit;\"\n\t\t\t\t\t\t\t\tdata-dim=\"w:175px;h:2px;\"\n\t\t\t\t\t\t\t\tdata-frame_999=\"o:0;st:w;sR:8700;\"\n\t\t\t\t\t\t\t\tstyle=\"z-index:6;background-color:#c6aa92;\"\n\t\t\t\t\t\t\t> \n\t\t\t\t\t\t\t<\/rs-layer><!--\n\n\t\t\t\t\t\t\t--><rs-layer\n\t\t\t\t\t\t\t\tid=\"slider-11-slide-19-layer-5\" \n\t\t\t\t\t\t\t\tclass=\"trust-element\"\n\t\t\t\t\t\t\t\tdata-type=\"text\"\n\t\t\t\t\t\t\t\tdata-rsp_ch=\"on\"\n\t\t\t\t\t\t\t\tdata-xy=\"x:c;y:b;yo:160px;\"\n\t\t\t\t\t\t\t\tdata-text=\"s:18;l:22;a:center;\"\n\t\t\t\t\t\t\t\tdata-dim=\"w:100%;\"\n\t\t\t\t\t\t\t\tdata-basealign=\"slide\"\n\t\t\t\t\t\t\t\tdata-frame_999=\"o:0;st:w;sR:8700;\"\n\t\t\t\t\t\t\t\tstyle=\"z-index:7;font-family:'Montserrat';\"\n\t\t\t\t\t\t\t><div class=\"col-md-2 icons-description\">\n\n<\/div>\n<div class=\"col-md-2 icons-description\">\n\t<span class=\"icon-toolbox custom-icons\"><\/span>\n\t<p>20 ans <br>d'exp\u00e9rience<\/p>\n<\/div>\n<div class=\"col-md-2 icons-description\">\n\t<span class=\"icon-pencil custom-icons\"><\/span>\n\t<p>Traitement de 2500<br> demandes par an<\/p>\n<\/div>\n<div class=\"col-md-2 icons-description\">\n\t<span class=\"icon-map custom-icons\"><\/span>\n\t<p>Intervention sur <br>toute la Suisse<\/p>\n<\/div>\n<div class=\"col-md-2 icons-description\">\n\t<span class=\"icon-tools-2 custom-icons\"><\/span>\n\t<p>D\u00e9pannage <br>24\/24h et 7\/7j<\/p>\n<\/div>\n<div class=\"col-md-2 icons-description\">\n\n<\/div> \n\t\t\t\t\t\t\t<\/rs-layer><!--\n-->\t\t\t\t\t<\/rs-slide>\n\t\t\t\t\t<\/rs-slides>\n\t\t\t\t<\/rs-module>\n\t\t\t\t<script>\n\t\t\t\t\tsetREVStartSize({c: 'rev_slider_11_1',rl:[1240,1024,1024,480],el:[500,500,500,320],gw:[1240,1380,1380,480],gh:[500,500,500,320],type:'standard',justify:'',layout:'fullwidth',mh:\"0\"});if (window.RS_MODULES!==undefined && window.RS_MODULES.modules!==undefined && window.RS_MODULES.modules[\"revslider111\"]!==undefined) {window.RS_MODULES.modules[\"revslider111\"].once = false;window.revapi11 = undefined;if (window.RS_MODULES.checkMinimal!==undefined) window.RS_MODULES.checkMinimal()}\n\t\t\t\t<\/script>\n\t\t\t<\/rs-module-wrap>\n\t\t\t<!-- END REVOLUTION SLIDER -->\n[vc_column_text el_class=&#8220;Titre-home&#8220;]<\/p>\n<h1>Einrichtung Instandhaltung Facility Management Genf<\/h1>\n<p>[\/vc_column_text][\/vc_column][\/vc_row][vc_row parallax=&#8220;content-moving&#8220;][vc_column][vc_column_text]<div class=\"ts-title\">\n\t\t\t<h3 >Facility Management<\/h3>\n\t\t\t<p class=\"lead\" style=\"\">Emi Conseil ist Ihr engagierter Partner f\u00fcr die Wartung und Instandhaltung Ihrer Anlagen und R\u00e4umlichkeiten, sowie f\u00fcr die Langlebigkeit Ihrer Installationen.<span class=\"bottom-botder\"><\/span><\/p>\n\t\t<\/div>[\/vc_column_text][\/vc_column][\/vc_row][vc_row parallax=&#8220;content-moving&#8220; parallax_image=&#8220;24&#8243; el_class=&#8220;services nocolumns&#8220; css=&#8220;.vc_custom_1517385656658{padding-bottom: 60px !important;}&#8220;][vc_column el_class=&#8220;contact-map&#8220;][vc_row_inner][vc_column_inner width=&#8220;1\/2&#8243; offset=&#8220;vc_col-lg-offset-3 vc_col-lg-3&#8243;][vc_column_text]Wir bieten Ihnen nat\u00fcrlich alle Standard-Wartungsleistungen an:<\/p>\n<ul>\n<li>Malerarbeiten<\/li>\n<li>\u00ab\u00a0Relamping\u00a0\u00bb<\/li>\n<li>Schreinerarbeiten<\/li>\n<li>Schlossereiarbeiten<\/li>\n<li>Reinigung<\/li>\n<\/ul>\n<p>[\/vc_column_text][\/vc_column_inner][vc_column_inner width=&#8220;1\/2&#8243; offset=&#8220;vc_col-lg-3&#8243;][vc_column_text]Dar\u00fcber hinaus auch eine Vielzahl technischer Leistungen:<\/p>\n<ul>\n<li>Elektrizit\u00e4t<\/li>\n<li>L\u00fcftung<\/li>\n<li>Heizung<\/li>\n<li>Klimaanlage<\/li>\n<li>Automatische T\u00fcren<\/li>\n<li>Sanit\u00e4re Einrichtungen<\/li>\n<li>Rollgitter<\/li>\n<li>Feuerl\u00f6scher<\/li>\n<li>Aufz\u00fcge<\/li>\n<\/ul>\n<p>[\/vc_column_text][\/vc_column_inner][\/vc_row_inner][vc_column_text css=&#8220;.vc_custom_1519388058040{margin-bottom: 80px !important;}&#8220; el_class=&#8220; content-small&#8220;]Wir entscheiden gemeinsam mit Ihnen, welche Leistungen aus unserem Dienstleistungspaket f\u00fcr Ihr Projekt und Ihre speziellen Anforderungen notwendig sind und machen Ihnen, ein auf Ihren Bedarf angepasstes <strong>spezifisches Angebot<\/strong>.<\/p>\n<p>Wir stehen Ihnen <strong>24h\/24h<\/strong> zur Verf\u00fcgung und garantieren einen Notdienst mit extrem kurzfristiger Reaktionszeit.<\/p>\n<p><strong>Vertrauen ist gut, Kontrolle ist besser!<\/strong><\/p>\n<p>Das Vertrauen unserer Kunden ist uns wichtig. Durch <strong>regelm\u00e4ssige Besuche<\/strong> Ihrer R\u00e4umlichkeiten k\u00f6nnen wir verl\u00e4sslich allen vorhersehbaren Beeintr\u00e4chtigungen vorgreifen. So sind Sie sicher, dass keine Panne die Verf\u00fcgbarkeit Ihrer R\u00e4umlichkeiten und Anlagen beeintr\u00e4chtigt oder gar unterbricht.<\/p>\n<p><strong>Sicher ist sicher!<\/strong><\/p>\n<p>Emi Conseil sorgt f\u00fcr die <strong>Einhaltung aller Sicherheitsvorschriften und Direktiven<\/strong> und sch\u00fctzt Sie vor b\u00f6sen \u00dcberraschungen.<\/p>\n<p><strong>Sie haben das letzte Wort!<\/strong><\/p>\n<p>Wir nehmen unsere <strong>Beratungspflicht<\/strong> sehr ernst. Emi Conseil informiert Sie umgehend und ausf\u00fchrlich, so dass Sie alle Arbeiten, die Sie f\u00fcr notwendig halten im Einklang mit Ihren Priorit\u00e4ten und Ihrem Budget vorsehen und planen k\u00f6nnen.[\/vc_column_text][vc_column_text]<\/p>\n\n\t\t<div id='gallery-1' class='gallery galleryid-584 gallery-columns-5 gallery-size-full gallery1'><script type=\"text\/javascript\">\r\n\/\/ <![CDATA[\r\n\tjQuery(document).ready(function () {\r\n\t\tjQuery(\".gallery1 a\").attr(\"rel\",\"gallery1\");\t\r\n\t\tjQuery('a[rel=\"gallery1\"]').colorbox({maxWidth:\"95%\", maxHeight:\"95%\",title: function(){ return jQuery(this).children().attr(\"alt\"); }, });\r\n\t});\r\n\/\/ ]]>\r\n<\/script>\n<figure class=\"gallery-item\">\n<div class=\"gallery-icon\">\r\n<a href=\"https:\/\/www.emi-conseil.ch\/wp-content\/uploads\/2018\/06\/reparatur-der-klimaanlage.jpg\" title=\"Reparatur der Klimaanlage\n\" rel=\"gallery1\"><img loading=\"lazy\" decoding=\"async\" src=\"https:\/\/www.emi-conseil.ch\/wp-content\/uploads\/2018\/06\/reparatur-der-klimaanlage.jpg\" width=\"1000\" height=\"750\" alt=\"Reparatur der Klimaanlage\" \/><\/a>\r\n<\/div><figcaption class=\"gallery-caption\" id=\"caption2121\"><span class=\"imagecaption\">Reparatur der Klimaanlage\n<\/span><br \/>\n<\/figcaption><\/figure><figure class=\"gallery-item\">\n<div class=\"gallery-icon\">\r\n<a href=\"https:\/\/www.emi-conseil.ch\/wp-content\/uploads\/2018\/02\/peintre-en-batiment.jpg\" title=\"\" rel=\"gallery1\"><img loading=\"lazy\" decoding=\"async\" src=\"https:\/\/www.emi-conseil.ch\/wp-content\/uploads\/2018\/02\/peintre-en-batiment.jpg\" width=\"1000\" height=\"750\" alt=\"gluhbirnen martigny luzern fribourg\" \/><\/a>\r\n<\/div><\/figure><figure class=\"gallery-item\">\n<div class=\"gallery-icon\">\r\n<a href=\"https:\/\/www.emi-conseil.ch\/wp-content\/uploads\/2018\/02\/installation-electrique.jpg\" title=\"\" rel=\"gallery1\"><img loading=\"lazy\" decoding=\"async\" src=\"https:\/\/www.emi-conseil.ch\/wp-content\/uploads\/2018\/02\/installation-electrique.jpg\" width=\"1000\" height=\"750\" alt=\"ladeneinrichtung lugano montreux conthey\" \/><\/a>\r\n<\/div><\/figure><figure class=\"gallery-item\">\n<div class=\"gallery-icon\">\r\n<a href=\"https:\/\/www.emi-conseil.ch\/wp-content\/uploads\/2018\/02\/installateur-electricien.jpg\" title=\"installateur \u00e9lectricien\" rel=\"gallery1\"><img loading=\"lazy\" decoding=\"async\" src=\"https:\/\/www.emi-conseil.ch\/wp-content\/uploads\/2018\/02\/installateur-electricien.jpg\" width=\"1000\" height=\"750\" alt=\"geschafteinrichtung basel bern neuchatel\" \/><\/a>\r\n<\/div><figcaption class=\"gallery-caption\" id=\"caption1928\"><span class=\"imagecaption\">installateur \u00e9lectricien<\/span><br \/>\n<\/figcaption><\/figure><figure class=\"gallery-item\">\n<div class=\"gallery-icon\">\r\n<a href=\"https:\/\/www.emi-conseil.ch\/wp-content\/uploads\/2018\/02\/plombier.jpg\" title=\"\" rel=\"gallery1\"><img loading=\"lazy\" decoding=\"async\" src=\"https:\/\/www.emi-conseil.ch\/wp-content\/uploads\/2018\/02\/plombier.jpg\" width=\"1000\" height=\"750\" alt=\"buroeinrichtung genf lausanne zurich\" \/><\/a>\r\n<\/div><\/figure>\r\n\t\t<\/div>\n\n<p>[\/vc_column_text][\/vc_column][\/vc_row]<\/p>\n<\/div>","protected":false},"excerpt":{"rendered":"<p>[vc_row][vc_column][vc_column_text el_class=&#8220;Titre-home&#8220;] Einrichtung Instandhaltung Facility Management Genf [\/vc_column_text][\/vc_column][\/vc_row][vc_row parallax=&#8220;content-moving&#8220;][vc_column][vc_column_text][\/vc_column_text][\/vc_column][\/vc_row][vc_row parallax=&#8220;content-moving&#8220; parallax_image=&#8220;24&#8243; el_class=&#8220;services nocolumns&#8220; css=&#8220;.vc_custom_1517385656658{padding-bottom: 60px !important;}&#8220;][vc_column el_class=&#8220;contact-map&#8220;][vc_row_inner][vc_column_inner width=&#8220;1\/2&#8243; offset=&#8220;vc_col-lg-offset-3 vc_col-lg-3&#8243;][vc_column_text]Wir bieten Ihnen nat\u00fcrlich alle Standard-Wartungsleistungen an: Malerarbeiten \u00ab\u00a0Relamping\u00a0\u00bb Schreinerarbeiten Schlossereiarbeiten Reinigung [\/vc_column_text][\/vc_column_inner][vc_column_inner width=&#8220;1\/2&#8243; offset=&#8220;vc_col-lg-3&#8243;][vc_column_text]Dar\u00fcber hinaus auch eine Vielzahl technischer Leistungen: Elektrizit\u00e4t L\u00fcftung Heizung Klimaanlage Automatische T\u00fcren Sanit\u00e4re Einrichtungen Rollgitter Feuerl\u00f6scher Aufz\u00fcge [\/vc_column_text][\/vc_column_inner][\/vc_row_inner][vc_column_text css=&#8220;.vc_custom_1519388058040{margin-bottom: 80px !important;}&#8220; [&hellip;]<\/p>\n","protected":false},"author":2,"featured_media":0,"parent":0,"menu_order":0,"comment_status":"closed","ping_status":"closed","template":"","meta":{"_acf_changed":false,"footnotes":""},"class_list":["post-584","page","type-page","status-publish","hentry"],"acf":[],"yoast_head":"<!-- This site is optimized with the Yoast SEO plugin v24.0 - https:\/\/yoast.com\/wordpress\/plugins\/seo\/ -->\n<title>Emi Conseil | Einrichtung Instandhaltung Facility Management Genf<\/title>\n<meta name=\"description\" content=\"Emi Conseil in Genf, Bern, Neuenburg, hat es sich zur Aufgabe gemacht, Sie bei der Instandhaltung Ihrer R\u00e4umlichkeiten zu unterst\u00fctzen und durch Facility Management die Nachhaltigkeit Ihrer Anlagen sicherzustellen. Ihre R\u00e4umlichkeiten in Montreux, Freiburg, Lausanne oder Z\u00fcrich werden mit einer Einrichtung f\u00fcr vereinfachte Wartung ausgestattet\" \/>\n<meta name=\"robots\" content=\"index, follow, max-snippet:-1, max-image-preview:large, max-video-preview:-1\" \/>\n<link rel=\"canonical\" href=\"https:\/\/www.emi-conseil.ch\/de\/einrichtung-instandhaltung-facility-management-genf\/\" \/>\n<meta property=\"og:locale\" content=\"de_DE\" \/>\n<meta property=\"og:type\" content=\"article\" \/>\n<meta property=\"og:title\" content=\"Emi Conseil | Einrichtung Instandhaltung Facility Management Genf\" \/>\n<meta property=\"og:description\" content=\"Emi Conseil in Genf, Bern, Neuenburg, hat es sich zur Aufgabe gemacht, Sie bei der Instandhaltung Ihrer R\u00e4umlichkeiten zu unterst\u00fctzen und durch Facility Management die Nachhaltigkeit Ihrer Anlagen sicherzustellen. Ihre R\u00e4umlichkeiten in Montreux, Freiburg, Lausanne oder Z\u00fcrich werden mit einer Einrichtung f\u00fcr vereinfachte Wartung ausgestattet\" \/>\n<meta property=\"og:url\" content=\"https:\/\/www.emi-conseil.ch\/de\/einrichtung-instandhaltung-facility-management-genf\/\" \/>\n<meta property=\"og:site_name\" content=\"EmiConseil\" \/>\n<meta property=\"article:modified_time\" content=\"2018-09-06T22:10:43+00:00\" \/>\n<meta name=\"twitter:card\" content=\"summary_large_image\" \/>\n<meta name=\"twitter:label1\" content=\"Gesch\u00e4tzte Lesezeit\" \/>\n\t<meta name=\"twitter:data1\" content=\"2\u00a0Minuten\" \/>\n<script type=\"application\/ld+json\" class=\"yoast-schema-graph\">{\"@context\":\"https:\/\/schema.org\",\"@graph\":[{\"@type\":\"WebPage\",\"@id\":\"https:\/\/www.emi-conseil.ch\/de\/einrichtung-instandhaltung-facility-management-genf\/\",\"url\":\"https:\/\/www.emi-conseil.ch\/de\/einrichtung-instandhaltung-facility-management-genf\/\",\"name\":\"Emi Conseil | Einrichtung Instandhaltung Facility Management Genf\",\"isPartOf\":{\"@id\":\"https:\/\/www.emi-conseil.ch\/#website\"},\"datePublished\":\"2018-02-23T12:12:22+00:00\",\"dateModified\":\"2018-09-06T22:10:43+00:00\",\"description\":\"Emi Conseil in Genf, Bern, Neuenburg, hat es sich zur Aufgabe gemacht, Sie bei der Instandhaltung Ihrer R\u00e4umlichkeiten zu unterst\u00fctzen und durch Facility Management die Nachhaltigkeit Ihrer Anlagen sicherzustellen. Ihre R\u00e4umlichkeiten in Montreux, Freiburg, Lausanne oder Z\u00fcrich werden mit einer Einrichtung f\u00fcr vereinfachte Wartung ausgestattet\",\"breadcrumb\":{\"@id\":\"https:\/\/www.emi-conseil.ch\/de\/einrichtung-instandhaltung-facility-management-genf\/#breadcrumb\"},\"inLanguage\":\"de\",\"potentialAction\":[{\"@type\":\"ReadAction\",\"target\":[\"https:\/\/www.emi-conseil.ch\/de\/einrichtung-instandhaltung-facility-management-genf\/\"]}]},{\"@type\":\"BreadcrumbList\",\"@id\":\"https:\/\/www.emi-conseil.ch\/de\/einrichtung-instandhaltung-facility-management-genf\/#breadcrumb\",\"itemListElement\":[{\"@type\":\"ListItem\",\"position\":1,\"name\":\"Accueil\",\"item\":\"https:\/\/www.emi-conseil.ch\/de\/\"},{\"@type\":\"ListItem\",\"position\":2,\"name\":\"Facility Management\"}]},{\"@type\":\"WebSite\",\"@id\":\"https:\/\/www.emi-conseil.ch\/#website\",\"url\":\"https:\/\/www.emi-conseil.ch\/\",\"name\":\"EmiConseil\",\"description\":\"\",\"publisher\":{\"@id\":\"https:\/\/www.emi-conseil.ch\/#organization\"},\"potentialAction\":[{\"@type\":\"SearchAction\",\"target\":{\"@type\":\"EntryPoint\",\"urlTemplate\":\"https:\/\/www.emi-conseil.ch\/?s={search_term_string}\"},\"query-input\":{\"@type\":\"PropertyValueSpecification\",\"valueRequired\":true,\"valueName\":\"search_term_string\"}}],\"inLanguage\":\"de\"},{\"@type\":\"Organization\",\"@id\":\"https:\/\/www.emi-conseil.ch\/#organization\",\"name\":\"EMI Conseil\",\"url\":\"https:\/\/www.emi-conseil.ch\/\",\"logo\":{\"@type\":\"ImageObject\",\"inLanguage\":\"de\",\"@id\":\"https:\/\/www.emi-conseil.ch\/#\/schema\/logo\/image\/\",\"url\":\"https:\/\/www.emi-conseil.ch\/wp-content\/uploads\/2017\/06\/emi-conseil.jpg\",\"contentUrl\":\"https:\/\/www.emi-conseil.ch\/wp-content\/uploads\/2017\/06\/emi-conseil.jpg\",\"width\":101,\"height\":94,\"caption\":\"EMI Conseil\"},\"image\":{\"@id\":\"https:\/\/www.emi-conseil.ch\/#\/schema\/logo\/image\/\"}}]}<\/script>\n<!-- \/ Yoast SEO plugin. -->","yoast_head_json":{"title":"Emi Conseil | Einrichtung Instandhaltung Facility Management Genf","description":"Emi Conseil in Genf, Bern, Neuenburg, hat es sich zur Aufgabe gemacht, Sie bei der Instandhaltung Ihrer R\u00e4umlichkeiten zu unterst\u00fctzen und durch Facility Management die Nachhaltigkeit Ihrer Anlagen sicherzustellen. Ihre R\u00e4umlichkeiten in Montreux, Freiburg, Lausanne oder Z\u00fcrich werden mit einer Einrichtung f\u00fcr vereinfachte Wartung ausgestattet","robots":{"index":"index","follow":"follow","max-snippet":"max-snippet:-1","max-image-preview":"max-image-preview:large","max-video-preview":"max-video-preview:-1"},"canonical":"https:\/\/www.emi-conseil.ch\/de\/einrichtung-instandhaltung-facility-management-genf\/","og_locale":"de_DE","og_type":"article","og_title":"Emi Conseil | Einrichtung Instandhaltung Facility Management Genf","og_description":"Emi Conseil in Genf, Bern, Neuenburg, hat es sich zur Aufgabe gemacht, Sie bei der Instandhaltung Ihrer R\u00e4umlichkeiten zu unterst\u00fctzen und durch Facility Management die Nachhaltigkeit Ihrer Anlagen sicherzustellen. Ihre R\u00e4umlichkeiten in Montreux, Freiburg, Lausanne oder Z\u00fcrich werden mit einer Einrichtung f\u00fcr vereinfachte Wartung ausgestattet","og_url":"https:\/\/www.emi-conseil.ch\/de\/einrichtung-instandhaltung-facility-management-genf\/","og_site_name":"EmiConseil","article_modified_time":"2018-09-06T22:10:43+00:00","twitter_card":"summary_large_image","twitter_misc":{"Gesch\u00e4tzte Lesezeit":"2\u00a0Minuten"},"schema":{"@context":"https:\/\/schema.org","@graph":[{"@type":"WebPage","@id":"https:\/\/www.emi-conseil.ch\/de\/einrichtung-instandhaltung-facility-management-genf\/","url":"https:\/\/www.emi-conseil.ch\/de\/einrichtung-instandhaltung-facility-management-genf\/","name":"Emi Conseil | Einrichtung Instandhaltung Facility Management Genf","isPartOf":{"@id":"https:\/\/www.emi-conseil.ch\/#website"},"datePublished":"2018-02-23T12:12:22+00:00","dateModified":"2018-09-06T22:10:43+00:00","description":"Emi Conseil in Genf, Bern, Neuenburg, hat es sich zur Aufgabe gemacht, Sie bei der Instandhaltung Ihrer R\u00e4umlichkeiten zu unterst\u00fctzen und durch Facility Management die Nachhaltigkeit Ihrer Anlagen sicherzustellen. Ihre R\u00e4umlichkeiten in Montreux, Freiburg, Lausanne oder Z\u00fcrich werden mit einer Einrichtung f\u00fcr vereinfachte Wartung ausgestattet","breadcrumb":{"@id":"https:\/\/www.emi-conseil.ch\/de\/einrichtung-instandhaltung-facility-management-genf\/#breadcrumb"},"inLanguage":"de","potentialAction":[{"@type":"ReadAction","target":["https:\/\/www.emi-conseil.ch\/de\/einrichtung-instandhaltung-facility-management-genf\/"]}]},{"@type":"BreadcrumbList","@id":"https:\/\/www.emi-conseil.ch\/de\/einrichtung-instandhaltung-facility-management-genf\/#breadcrumb","itemListElement":[{"@type":"ListItem","position":1,"name":"Accueil","item":"https:\/\/www.emi-conseil.ch\/de\/"},{"@type":"ListItem","position":2,"name":"Facility Management"}]},{"@type":"WebSite","@id":"https:\/\/www.emi-conseil.ch\/#website","url":"https:\/\/www.emi-conseil.ch\/","name":"EmiConseil","description":"","publisher":{"@id":"https:\/\/www.emi-conseil.ch\/#organization"},"potentialAction":[{"@type":"SearchAction","target":{"@type":"EntryPoint","urlTemplate":"https:\/\/www.emi-conseil.ch\/?s={search_term_string}"},"query-input":{"@type":"PropertyValueSpecification","valueRequired":true,"valueName":"search_term_string"}}],"inLanguage":"de"},{"@type":"Organization","@id":"https:\/\/www.emi-conseil.ch\/#organization","name":"EMI Conseil","url":"https:\/\/www.emi-conseil.ch\/","logo":{"@type":"ImageObject","inLanguage":"de","@id":"https:\/\/www.emi-conseil.ch\/#\/schema\/logo\/image\/","url":"https:\/\/www.emi-conseil.ch\/wp-content\/uploads\/2017\/06\/emi-conseil.jpg","contentUrl":"https:\/\/www.emi-conseil.ch\/wp-content\/uploads\/2017\/06\/emi-conseil.jpg","width":101,"height":94,"caption":"EMI Conseil"},"image":{"@id":"https:\/\/www.emi-conseil.ch\/#\/schema\/logo\/image\/"}}]}},"_links":{"self":[{"href":"https:\/\/www.emi-conseil.ch\/de\/wp-json\/wp\/v2\/pages\/584","targetHints":{"allow":["GET"]}}],"collection":[{"href":"https:\/\/www.emi-conseil.ch\/de\/wp-json\/wp\/v2\/pages"}],"about":[{"href":"https:\/\/www.emi-conseil.ch\/de\/wp-json\/wp\/v2\/types\/page"}],"author":[{"embeddable":true,"href":"https:\/\/www.emi-conseil.ch\/de\/wp-json\/wp\/v2\/users\/2"}],"replies":[{"embeddable":true,"href":"https:\/\/www.emi-conseil.ch\/de\/wp-json\/wp\/v2\/comments?post=584"}],"version-history":[{"count":10,"href":"https:\/\/www.emi-conseil.ch\/de\/wp-json\/wp\/v2\/pages\/584\/revisions"}],"predecessor-version":[{"id":2124,"href":"https:\/\/www.emi-conseil.ch\/de\/wp-json\/wp\/v2\/pages\/584\/revisions\/2124"}],"wp:attachment":[{"href":"https:\/\/www.emi-conseil.ch\/de\/wp-json\/wp\/v2\/media?parent=584"}],"curies":[{"name":"wp","href":"https:\/\/api.w.org\/{rel}","templated":true}]}}