{"id":840,"date":"2018-03-22T11:48:29","date_gmt":"2018-03-22T10:48:29","guid":{"rendered":"https:\/\/www.emi-conseil.ch\/?page_id=840\/"},"modified":"2020-10-23T11:09:32","modified_gmt":"2020-10-23T09:09:32","slug":"arbeiten","status":"publish","type":"page","link":"https:\/\/www.emi-conseil.ch\/de\/arbeiten\/","title":{"rendered":"Arbeiten"},"content":{"rendered":"<div class=\"wpb-content-wrapper\"><p>[vc_row][vc_column]\n\t\t\t<!-- START Travaux REVOLUTION SLIDER 6.7.23 --><p class=\"rs-p-wp-fix\"><\/p>\n\t\t\t<rs-module-wrap id=\"rev_slider_20_1_wrapper\" data-source=\"gallery\" style=\"visibility:hidden;background:transparent;padding:0;margin:0px auto;margin-top:0;margin-bottom:0;\">\n\t\t\t\t<rs-module id=\"rev_slider_20_1\" style=\"\" data-version=\"6.7.23\">\n\t\t\t\t\t<rs-slides style=\"overflow: hidden; position: absolute;\">\n\t\t\t\t\t\t<rs-slide style=\"position: absolute;\" data-key=\"rs-28\" data-title=\"Slide\" data-anim=\"adpr:false;\" data-in=\"o:0;\" data-out=\"a:false;\">\n\t\t\t\t\t\t\t<img decoding=\"async\" src=\"\/\/www.emi-conseil.ch\/wp-content\/plugins\/revslider\/sr6\/assets\/assets\/dummy.png\" alt=\"Creation centre medical Yverdon\" title=\"centre medical medicity yverdon\" width=\"2560\" height=\"1440\" class=\"rev-slidebg tp-rs-img rs-lazyload\" data-lazyload=\"\/\/www.emi-conseil.ch\/wp-content\/uploads\/2021\/01\/20210105_160644-min.jpg\" data-bg=\"p:center bottom;\" data-no-retina>\n<!--\n\t\t\t\t\t\t\t--><rs-layer\n\t\t\t\t\t\t\t\tid=\"slider-20-slide-28-layer-1\" \n\t\t\t\t\t\t\t\tdata-type=\"text\"\n\t\t\t\t\t\t\t\tdata-rsp_ch=\"on\"\n\t\t\t\t\t\t\t\tdata-xy=\"xo:30px;y:m;yo:0,50px,50px,50px;\"\n\t\t\t\t\t\t\t\tdata-text=\"s:70,70,70,30;l:22;a:inherit;\"\n\t\t\t\t\t\t\t\tdata-frame_999=\"o:0;st:w;sR:8700;\"\n\t\t\t\t\t\t\t\tstyle=\"z-index:5;font-family:'Montserrat';\"\n\t\t\t\t\t\t\t>Travaux \n\t\t\t\t\t\t\t<\/rs-layer><!--\n\n\t\t\t\t\t\t\t--><rs-layer\n\t\t\t\t\t\t\t\tid=\"slider-20-slide-28-layer-4\" \n\t\t\t\t\t\t\t\tclass=\"tp-shape tp-shapewrapper\"\n\t\t\t\t\t\t\t\tdata-type=\"shape\"\n\t\t\t\t\t\t\t\tdata-rsp_ch=\"on\"\n\t\t\t\t\t\t\t\tdata-xy=\"xo:30px;y:m;yo:-60px,0,-60px,0;\"\n\t\t\t\t\t\t\t\tdata-text=\"a:inherit;\"\n\t\t\t\t\t\t\t\tdata-dim=\"w:175px;h:2px;\"\n\t\t\t\t\t\t\t\tdata-frame_999=\"o:0;st:w;sR:8700;\"\n\t\t\t\t\t\t\t\tstyle=\"z-index:6;background-color:#c6aa92;\"\n\t\t\t\t\t\t\t> \n\t\t\t\t\t\t\t<\/rs-layer><!--\n\n\t\t\t\t\t\t\t--><rs-layer\n\t\t\t\t\t\t\t\tid=\"slider-20-slide-28-layer-5\" \n\t\t\t\t\t\t\t\tclass=\"trust-element\"\n\t\t\t\t\t\t\t\tdata-type=\"text\"\n\t\t\t\t\t\t\t\tdata-rsp_ch=\"on\"\n\t\t\t\t\t\t\t\tdata-xy=\"x:c;y:b;yo:160px;\"\n\t\t\t\t\t\t\t\tdata-text=\"s:18;l:22;a:center;\"\n\t\t\t\t\t\t\t\tdata-dim=\"w:100%;\"\n\t\t\t\t\t\t\t\tdata-basealign=\"slide\"\n\t\t\t\t\t\t\t\tdata-frame_999=\"o:0;st:w;sR:8700;\"\n\t\t\t\t\t\t\t\tstyle=\"z-index:7;font-family:'Montserrat';\"\n\t\t\t\t\t\t\t><div class=\"col-md-2 icons-description\">\n\n<\/div>\n<div class=\"col-md-2 icons-description\">\n\t<span class=\"icon-toolbox custom-icons\"><\/span>\n\t<p>20 ans <br>d'exp\u00e9rience<\/p>\n<\/div>\n<div class=\"col-md-2 icons-description\">\n\t<span class=\"icon-pencil custom-icons\"><\/span>\n\t<p>Traitement de 2500<br> demandes par an<\/p>\n<\/div>\n<div class=\"col-md-2 icons-description\">\n\t<span class=\"icon-map custom-icons\"><\/span>\n\t<p>Intervention sur <br>toute la Suisse<\/p>\n<\/div>\n<div class=\"col-md-2 icons-description\">\n\t<span class=\"icon-tools-2 custom-icons\"><\/span>\n\t<p>D\u00e9pannage <br>24\/24h et 7\/7j<\/p>\n<\/div>\n<div class=\"col-md-2 icons-description\">\n\n<\/div> \n\t\t\t\t\t\t\t<\/rs-layer><!--\n-->\t\t\t\t\t<\/rs-slide>\n\t\t\t\t\t<\/rs-slides>\n\t\t\t\t<\/rs-module>\n\t\t\t\t<script>\n\t\t\t\t\tsetREVStartSize({c: 'rev_slider_20_1',rl:[1240,1024,1024,480],el:[500,500,500,320],gw:[1240,1380,1380,480],gh:[500,500,500,320],type:'standard',justify:'',layout:'fullwidth',mh:\"0\"});if (window.RS_MODULES!==undefined && window.RS_MODULES.modules!==undefined && window.RS_MODULES.modules[\"revslider201\"]!==undefined) {window.RS_MODULES.modules[\"revslider201\"].once = false;window.revapi20 = undefined;if (window.RS_MODULES.checkMinimal!==undefined) window.RS_MODULES.checkMinimal()}\n\t\t\t\t<\/script>\n\t\t\t<\/rs-module-wrap>\n\t\t\t<!-- END REVOLUTION SLIDER -->\n[\/vc_column][\/vc_row][vc_row parallax=&#8220;content-moving&#8220;][vc_column][vc_column_text]<div class=\"ts-title\">\n\t\t\t<h3 >Arbeiten<\/h3>\n\t\t\t<p class=\"lead\" style=\"\">Was auch immer Ihr Projekt ist, Emi Conseil wird Ihr einziger Gespr\u00e4chspartner sein<span class=\"bottom-botder\"><\/span><\/p>\n\t\t<\/div>[\/vc_column_text][\/vc_column][\/vc_row][vc_row parallax=&#8220;content-moving&#8220; parallax_image=&#8220;24&#8243; el_class=&#8220;services&#8220;][vc_column width=&#8220;1\/2&#8243;][vc_row_inner el_class=&#8220;services-left&#8220;][vc_column_inner][vc_column_text css=&#8220;.vc_custom_1521716003935{margin-bottom: 0px !important;padding-bottom: 0px !important;}&#8220;]<\/p>\n<h2 style=\"text-align: right;\">Einrichtung<\/h2>\n<p>[\/vc_column_text][vc_single_image image=&#8220;1638&#8243; img_size=&#8220;full&#8220; alignment=&#8220;center&#8220; onclick=&#8220;custom_link&#8220; css_animation=&#8220;left-to-right&#8220; link=&#8220;https:\/\/www.emi-conseil.ch\/de\/buroeinrichtung-geschafteinrichtung-genf-lausanne-zurich-basel\/&#8220;][vc_column_text el_class=&#8220;more&#8220;]<\/p>\n<p><a class=\"rotation home_link_show_more\" href=\"https:\/\/www.emi-conseil.ch\/de\/buroeinrichtung-geschafteinrichtung-genf-lausanne-zurich-basel\/\">Mehr details<\/a><\/p>\n<p>[\/vc_column_text][\/vc_column_inner][\/vc_row_inner][vc_row_inner el_class=&#8220;services-left-sd&#8220;][vc_column_inner][vc_column_text css=&#8220;.vc_custom_1521716031591{margin-bottom: 0px !important;padding-bottom: 0px !important;}&#8220;]<\/p>\n<h2 style=\"text-align: right;\">Konstruktion<\/h2>\n<p>[\/vc_column_text][vc_single_image image=&#8220;1642&#8243; img_size=&#8220;full&#8220; alignment=&#8220;center&#8220; onclick=&#8220;custom_link&#8220; css_animation=&#8220;left-to-right&#8220; link=&#8220;https:\/\/www.emi-conseil.ch\/de\/bau-und-renovierung-laden-genf-nyon-lausanne\/&#8220;][vc_column_text el_class=&#8220;more&#8220;]<\/p>\n<p><a class=\"rotation home_link_show_more\" href=\"https:\/\/www.emi-conseil.ch\/de\/bau-und-renovierung-laden-genf-nyon-lausanne\/\">Mehr details<\/a><\/p>\n<p>[\/vc_column_text][\/vc_column_inner][\/vc_row_inner][\/vc_column][vc_column width=&#8220;1\/12&#8243; el_class=&#8220;services-right&#8220; offset=&#8220;vc_hidden-md vc_hidden-sm vc_hidden-xs&#8220;][\/vc_column][vc_column width=&#8220;5\/12&#8243; el_class=&#8220;services-right&#8220;][vc_column_text css=&#8220;.vc_custom_1521716016590{margin-bottom: 0px !important;padding-bottom: 0px !important;}&#8220;]<\/p>\n<h2 style=\"text-align: right;\">Renovierung<\/h2>\n<p>[\/vc_column_text][vc_single_image image=&#8220;1772&#8243; img_size=&#8220;full&#8220; alignment=&#8220;right&#8220; onclick=&#8220;custom_link&#8220; css_animation=&#8220;right-to-left&#8220; link=&#8220;https:\/\/www.emi-conseil.ch\/de\/renovierungsarbeiten-geschaft-buro-genf-lausanne-zurich\/&#8220;][vc_column_text el_class=&#8220;more&#8220;]<\/p>\n<p><a class=\"rotation home_link_show_more\" href=\"https:\/\/www.emi-conseil.ch\/de\/renovierungsarbeiten-geschaft-buro-genf-lausanne-zurich\/\">Mehr details<\/a><\/p>\n<p>[\/vc_column_text][\/vc_column][\/vc_row]<\/p>\n<\/div>","protected":false},"excerpt":{"rendered":"<p>[vc_row][vc_column][\/vc_column][\/vc_row][vc_row parallax=&#8220;content-moving&#8220;][vc_column][vc_column_text][\/vc_column_text][\/vc_column][\/vc_row][vc_row parallax=&#8220;content-moving&#8220; parallax_image=&#8220;24&#8243; el_class=&#8220;services&#8220;][vc_column width=&#8220;1\/2&#8243;][vc_row_inner el_class=&#8220;services-left&#8220;][vc_column_inner][vc_column_text css=&#8220;.vc_custom_1521716003935{margin-bottom: 0px !important;padding-bottom: 0px !important;}&#8220;] Einrichtung [\/vc_column_text][vc_single_image image=&#8220;1638&#8243; img_size=&#8220;full&#8220; alignment=&#8220;center&#8220; onclick=&#8220;custom_link&#8220; css_animation=&#8220;left-to-right&#8220; link=&#8220;https:\/\/www.emi-conseil.ch\/de\/buroeinrichtung-geschafteinrichtung-genf-lausanne-zurich-basel\/&#8220;][vc_column_text el_class=&#8220;more&#8220;] Mehr details [\/vc_column_text][\/vc_column_inner][\/vc_row_inner][vc_row_inner el_class=&#8220;services-left-sd&#8220;][vc_column_inner][vc_column_text css=&#8220;.vc_custom_1521716031591{margin-bottom: 0px !important;padding-bottom: 0px !important;}&#8220;] Konstruktion [\/vc_column_text][vc_single_image image=&#8220;1642&#8243; img_size=&#8220;full&#8220; alignment=&#8220;center&#8220; onclick=&#8220;custom_link&#8220; css_animation=&#8220;left-to-right&#8220; link=&#8220;https:\/\/www.emi-conseil.ch\/de\/bau-und-renovierung-laden-genf-nyon-lausanne\/&#8220;][vc_column_text el_class=&#8220;more&#8220;] Mehr details [\/vc_column_text][\/vc_column_inner][\/vc_row_inner][\/vc_column][vc_column width=&#8220;1\/12&#8243; el_class=&#8220;services-right&#8220; offset=&#8220;vc_hidden-md vc_hidden-sm vc_hidden-xs&#8220;][\/vc_column][vc_column width=&#8220;5\/12&#8243; el_class=&#8220;services-right&#8220;][vc_column_text css=&#8220;.vc_custom_1521716016590{margin-bottom: 0px !important;padding-bottom: 0px !important;}&#8220;] Renovierung [&hellip;]<\/p>\n","protected":false},"author":2,"featured_media":0,"parent":0,"menu_order":0,"comment_status":"closed","ping_status":"closed","template":"","meta":{"_acf_changed":false,"footnotes":""},"class_list":["post-840","page","type-page","status-publish","hentry"],"acf":[],"yoast_head":"<!-- This site is optimized with the Yoast SEO plugin v24.0 - https:\/\/yoast.com\/wordpress\/plugins\/seo\/ -->\n<title>Emi Conseil | Am\u00e9nagement Bureau Commerce Gen\u00e8ve Lausanne Zurich B\u00e2le<\/title>\n<meta name=\"description\" content=\"Emi Conseil effectue l&#039;am\u00e9nagement de vos bureaux, commerces, magasins, boutiques. Sur Gen\u00e8ve, Lausanne, Zurich et B\u00e2le, de nombreuses boutiques ont adopt\u00e9s notre concept. L\u2019am\u00e9nagement est un lien direct avec l\u2019architecture, le design et la d\u00e9coration et permet une meilleure maintenance.\" \/>\n<meta name=\"robots\" content=\"index, follow, max-snippet:-1, max-image-preview:large, max-video-preview:-1\" \/>\n<link rel=\"canonical\" href=\"https:\/\/www.emi-conseil.ch\/de\/arbeiten\/\" \/>\n<meta property=\"og:locale\" content=\"de_DE\" \/>\n<meta property=\"og:type\" content=\"article\" \/>\n<meta property=\"og:title\" content=\"Emi Conseil | Am\u00e9nagement Bureau Commerce Gen\u00e8ve Lausanne Zurich B\u00e2le\" \/>\n<meta property=\"og:description\" content=\"Emi Conseil effectue l&#039;am\u00e9nagement de vos bureaux, commerces, magasins, boutiques. Sur Gen\u00e8ve, Lausanne, Zurich et B\u00e2le, de nombreuses boutiques ont adopt\u00e9s notre concept. L\u2019am\u00e9nagement est un lien direct avec l\u2019architecture, le design et la d\u00e9coration et permet une meilleure maintenance.\" \/>\n<meta property=\"og:url\" content=\"https:\/\/www.emi-conseil.ch\/de\/arbeiten\/\" \/>\n<meta property=\"og:site_name\" content=\"EmiConseil\" \/>\n<meta property=\"article:modified_time\" content=\"2020-10-23T09:09:32+00:00\" \/>\n<meta name=\"twitter:card\" content=\"summary_large_image\" \/>\n<meta name=\"twitter:label1\" content=\"Gesch\u00e4tzte Lesezeit\" \/>\n\t<meta name=\"twitter:data1\" content=\"1\u00a0Minute\" \/>\n<script type=\"application\/ld+json\" class=\"yoast-schema-graph\">{\"@context\":\"https:\/\/schema.org\",\"@graph\":[{\"@type\":\"WebPage\",\"@id\":\"https:\/\/www.emi-conseil.ch\/de\/arbeiten\/\",\"url\":\"https:\/\/www.emi-conseil.ch\/de\/arbeiten\/\",\"name\":\"Emi Conseil | Am\u00e9nagement Bureau Commerce Gen\u00e8ve Lausanne Zurich B\u00e2le\",\"isPartOf\":{\"@id\":\"https:\/\/www.emi-conseil.ch\/#website\"},\"datePublished\":\"2018-03-22T10:48:29+00:00\",\"dateModified\":\"2020-10-23T09:09:32+00:00\",\"description\":\"Emi Conseil effectue l'am\u00e9nagement de vos bureaux, commerces, magasins, boutiques. Sur Gen\u00e8ve, Lausanne, Zurich et B\u00e2le, de nombreuses boutiques ont adopt\u00e9s notre concept. L\u2019am\u00e9nagement est un lien direct avec l\u2019architecture, le design et la d\u00e9coration et permet une meilleure maintenance.\",\"breadcrumb\":{\"@id\":\"https:\/\/www.emi-conseil.ch\/de\/arbeiten\/#breadcrumb\"},\"inLanguage\":\"de\",\"potentialAction\":[{\"@type\":\"ReadAction\",\"target\":[\"https:\/\/www.emi-conseil.ch\/de\/arbeiten\/\"]}]},{\"@type\":\"BreadcrumbList\",\"@id\":\"https:\/\/www.emi-conseil.ch\/de\/arbeiten\/#breadcrumb\",\"itemListElement\":[{\"@type\":\"ListItem\",\"position\":1,\"name\":\"Accueil\",\"item\":\"https:\/\/www.emi-conseil.ch\/de\/\"},{\"@type\":\"ListItem\",\"position\":2,\"name\":\"Arbeiten\"}]},{\"@type\":\"WebSite\",\"@id\":\"https:\/\/www.emi-conseil.ch\/#website\",\"url\":\"https:\/\/www.emi-conseil.ch\/\",\"name\":\"EmiConseil\",\"description\":\"\",\"publisher\":{\"@id\":\"https:\/\/www.emi-conseil.ch\/#organization\"},\"potentialAction\":[{\"@type\":\"SearchAction\",\"target\":{\"@type\":\"EntryPoint\",\"urlTemplate\":\"https:\/\/www.emi-conseil.ch\/?s={search_term_string}\"},\"query-input\":{\"@type\":\"PropertyValueSpecification\",\"valueRequired\":true,\"valueName\":\"search_term_string\"}}],\"inLanguage\":\"de\"},{\"@type\":\"Organization\",\"@id\":\"https:\/\/www.emi-conseil.ch\/#organization\",\"name\":\"EMI Conseil\",\"url\":\"https:\/\/www.emi-conseil.ch\/\",\"logo\":{\"@type\":\"ImageObject\",\"inLanguage\":\"de\",\"@id\":\"https:\/\/www.emi-conseil.ch\/#\/schema\/logo\/image\/\",\"url\":\"https:\/\/www.emi-conseil.ch\/wp-content\/uploads\/2017\/06\/emi-conseil.jpg\",\"contentUrl\":\"https:\/\/www.emi-conseil.ch\/wp-content\/uploads\/2017\/06\/emi-conseil.jpg\",\"width\":101,\"height\":94,\"caption\":\"EMI Conseil\"},\"image\":{\"@id\":\"https:\/\/www.emi-conseil.ch\/#\/schema\/logo\/image\/\"}}]}<\/script>\n<!-- \/ Yoast SEO plugin. -->","yoast_head_json":{"title":"Emi Conseil | Am\u00e9nagement Bureau Commerce Gen\u00e8ve Lausanne Zurich B\u00e2le","description":"Emi Conseil effectue l'am\u00e9nagement de vos bureaux, commerces, magasins, boutiques. Sur Gen\u00e8ve, Lausanne, Zurich et B\u00e2le, de nombreuses boutiques ont adopt\u00e9s notre concept. L\u2019am\u00e9nagement est un lien direct avec l\u2019architecture, le design et la d\u00e9coration et permet une meilleure maintenance.","robots":{"index":"index","follow":"follow","max-snippet":"max-snippet:-1","max-image-preview":"max-image-preview:large","max-video-preview":"max-video-preview:-1"},"canonical":"https:\/\/www.emi-conseil.ch\/de\/arbeiten\/","og_locale":"de_DE","og_type":"article","og_title":"Emi Conseil | Am\u00e9nagement Bureau Commerce Gen\u00e8ve Lausanne Zurich B\u00e2le","og_description":"Emi Conseil effectue l'am\u00e9nagement de vos bureaux, commerces, magasins, boutiques. Sur Gen\u00e8ve, Lausanne, Zurich et B\u00e2le, de nombreuses boutiques ont adopt\u00e9s notre concept. L\u2019am\u00e9nagement est un lien direct avec l\u2019architecture, le design et la d\u00e9coration et permet une meilleure maintenance.","og_url":"https:\/\/www.emi-conseil.ch\/de\/arbeiten\/","og_site_name":"EmiConseil","article_modified_time":"2020-10-23T09:09:32+00:00","twitter_card":"summary_large_image","twitter_misc":{"Gesch\u00e4tzte Lesezeit":"1\u00a0Minute"},"schema":{"@context":"https:\/\/schema.org","@graph":[{"@type":"WebPage","@id":"https:\/\/www.emi-conseil.ch\/de\/arbeiten\/","url":"https:\/\/www.emi-conseil.ch\/de\/arbeiten\/","name":"Emi Conseil | Am\u00e9nagement Bureau Commerce Gen\u00e8ve Lausanne Zurich B\u00e2le","isPartOf":{"@id":"https:\/\/www.emi-conseil.ch\/#website"},"datePublished":"2018-03-22T10:48:29+00:00","dateModified":"2020-10-23T09:09:32+00:00","description":"Emi Conseil effectue l'am\u00e9nagement de vos bureaux, commerces, magasins, boutiques. Sur Gen\u00e8ve, Lausanne, Zurich et B\u00e2le, de nombreuses boutiques ont adopt\u00e9s notre concept. L\u2019am\u00e9nagement est un lien direct avec l\u2019architecture, le design et la d\u00e9coration et permet une meilleure maintenance.","breadcrumb":{"@id":"https:\/\/www.emi-conseil.ch\/de\/arbeiten\/#breadcrumb"},"inLanguage":"de","potentialAction":[{"@type":"ReadAction","target":["https:\/\/www.emi-conseil.ch\/de\/arbeiten\/"]}]},{"@type":"BreadcrumbList","@id":"https:\/\/www.emi-conseil.ch\/de\/arbeiten\/#breadcrumb","itemListElement":[{"@type":"ListItem","position":1,"name":"Accueil","item":"https:\/\/www.emi-conseil.ch\/de\/"},{"@type":"ListItem","position":2,"name":"Arbeiten"}]},{"@type":"WebSite","@id":"https:\/\/www.emi-conseil.ch\/#website","url":"https:\/\/www.emi-conseil.ch\/","name":"EmiConseil","description":"","publisher":{"@id":"https:\/\/www.emi-conseil.ch\/#organization"},"potentialAction":[{"@type":"SearchAction","target":{"@type":"EntryPoint","urlTemplate":"https:\/\/www.emi-conseil.ch\/?s={search_term_string}"},"query-input":{"@type":"PropertyValueSpecification","valueRequired":true,"valueName":"search_term_string"}}],"inLanguage":"de"},{"@type":"Organization","@id":"https:\/\/www.emi-conseil.ch\/#organization","name":"EMI Conseil","url":"https:\/\/www.emi-conseil.ch\/","logo":{"@type":"ImageObject","inLanguage":"de","@id":"https:\/\/www.emi-conseil.ch\/#\/schema\/logo\/image\/","url":"https:\/\/www.emi-conseil.ch\/wp-content\/uploads\/2017\/06\/emi-conseil.jpg","contentUrl":"https:\/\/www.emi-conseil.ch\/wp-content\/uploads\/2017\/06\/emi-conseil.jpg","width":101,"height":94,"caption":"EMI Conseil"},"image":{"@id":"https:\/\/www.emi-conseil.ch\/#\/schema\/logo\/image\/"}}]}},"_links":{"self":[{"href":"https:\/\/www.emi-conseil.ch\/de\/wp-json\/wp\/v2\/pages\/840","targetHints":{"allow":["GET"]}}],"collection":[{"href":"https:\/\/www.emi-conseil.ch\/de\/wp-json\/wp\/v2\/pages"}],"about":[{"href":"https:\/\/www.emi-conseil.ch\/de\/wp-json\/wp\/v2\/types\/page"}],"author":[{"embeddable":true,"href":"https:\/\/www.emi-conseil.ch\/de\/wp-json\/wp\/v2\/users\/2"}],"replies":[{"embeddable":true,"href":"https:\/\/www.emi-conseil.ch\/de\/wp-json\/wp\/v2\/comments?post=840"}],"version-history":[{"count":17,"href":"https:\/\/www.emi-conseil.ch\/de\/wp-json\/wp\/v2\/pages\/840\/revisions"}],"predecessor-version":[{"id":3208,"href":"https:\/\/www.emi-conseil.ch\/de\/wp-json\/wp\/v2\/pages\/840\/revisions\/3208"}],"wp:attachment":[{"href":"https:\/\/www.emi-conseil.ch\/de\/wp-json\/wp\/v2\/media?parent=840"}],"curies":[{"name":"wp","href":"https:\/\/api.w.org\/{rel}","templated":true}]}}