{"id":847,"date":"2017-06-14T12:51:52","date_gmt":"2017-06-14T10:51:52","guid":{"rendered":"https:\/\/www.emi-conseil.ch\/?page_id=847\/"},"modified":"2018-04-02T12:05:25","modified_gmt":"2018-04-02T10:05:25","slug":"contact","status":"publish","type":"page","link":"https:\/\/www.emi-conseil.ch\/de\/contact\/","title":{"rendered":"Kontaktieren Sie uns"},"content":{"rendered":"<div class=\"wpb-content-wrapper\"><p>[vc_row][vc_column]\n\t\t\t<!-- START Contact REVOLUTION SLIDER 6.7.23 --><p class=\"rs-p-wp-fix\"><\/p>\n\t\t\t<rs-module-wrap id=\"rev_slider_3_1_wrapper\" data-source=\"gallery\" style=\"visibility:hidden;background:transparent;padding:0;margin:0px auto;margin-top:0;margin-bottom:0;\">\n\t\t\t\t<rs-module id=\"rev_slider_3_1\" style=\"\" data-version=\"6.7.23\">\n\t\t\t\t\t<rs-slides style=\"overflow: hidden; position: absolute;\">\n\t\t\t\t\t\t<rs-slide style=\"position: absolute;\" data-key=\"rs-48\" data-title=\"Slide\" data-anim=\"adpr:false;\" data-in=\"o:0;\" data-out=\"a:false;\">\n\t\t\t\t\t\t\t<img decoding=\"async\" src=\"\/\/www.emi-conseil.ch\/wp-content\/plugins\/revslider\/sr6\/assets\/assets\/dummy.png\" alt=\"\" title=\"Kontaktieren Sie uns\" class=\"rev-slidebg tp-rs-img rs-lazyload\" data-lazyload=\"\/\/www.emi-conseil.ch\/wp-content\/uploads\/2017\/06\/contact.jpg\" data-no-retina>\n<!--\n\t\t\t\t\t\t\t--><rs-layer\n\t\t\t\t\t\t\t\tid=\"slider-3-slide-48-layer-1\" \n\t\t\t\t\t\t\t\tdata-type=\"text\"\n\t\t\t\t\t\t\t\tdata-rsp_ch=\"on\"\n\t\t\t\t\t\t\t\tdata-xy=\"xo:13px;y:m;yo:0,50px,50px,50px;\"\n\t\t\t\t\t\t\t\tdata-text=\"s:70,70,70,30;l:22;a:inherit;\"\n\t\t\t\t\t\t\t\tdata-frame_999=\"o:0;st:w;sR:8700;\"\n\t\t\t\t\t\t\t\tstyle=\"z-index:5;font-family:'Montserrat';\"\n\t\t\t\t\t\t\t>Kontaktieren Sie uns  \n\t\t\t\t\t\t\t<\/rs-layer><!--\n\n\t\t\t\t\t\t\t--><rs-layer\n\t\t\t\t\t\t\t\tid=\"slider-3-slide-48-layer-2\" \n\t\t\t\t\t\t\t\tclass=\"sub-title\"\n\t\t\t\t\t\t\t\tdata-type=\"text\"\n\t\t\t\t\t\t\t\tdata-rsp_ch=\"on\"\n\t\t\t\t\t\t\t\tdata-xy=\"xo:19px;y:m;yo:-6px;\"\n\t\t\t\t\t\t\t\tdata-text=\"s:40;l:22;a:inherit;\"\n\t\t\t\t\t\t\t\tdata-frame_999=\"o:0;st:w;sR:8700;\"\n\t\t\t\t\t\t\t\tstyle=\"z-index:6;font-family:'Montserrat';\"\n\t\t\t\t\t\t\t>  \n\t\t\t\t\t\t\t<\/rs-layer><!--\n\n\t\t\t\t\t\t\t--><rs-layer\n\t\t\t\t\t\t\t\tid=\"slider-3-slide-48-layer-4\" \n\t\t\t\t\t\t\t\tclass=\"tp-shape tp-shapewrapper\"\n\t\t\t\t\t\t\t\tdata-type=\"shape\"\n\t\t\t\t\t\t\t\tdata-rsp_ch=\"on\"\n\t\t\t\t\t\t\t\tdata-xy=\"xo:23px;y:m;yo:-50px,0,-50px,0;\"\n\t\t\t\t\t\t\t\tdata-text=\"a:inherit;\"\n\t\t\t\t\t\t\t\tdata-dim=\"w:175px;h:2px;\"\n\t\t\t\t\t\t\t\tdata-frame_999=\"o:0;st:w;sR:8700;\"\n\t\t\t\t\t\t\t\tstyle=\"z-index:7;background-color:#c6aa92;\"\n\t\t\t\t\t\t\t> \n\t\t\t\t\t\t\t<\/rs-layer><!--\n\n\t\t\t\t\t\t\t--><rs-layer\n\t\t\t\t\t\t\t\tid=\"slider-3-slide-48-layer-5\" \n\t\t\t\t\t\t\t\tclass=\"trust-element\"\n\t\t\t\t\t\t\t\tdata-type=\"text\"\n\t\t\t\t\t\t\t\tdata-rsp_ch=\"on\"\n\t\t\t\t\t\t\t\tdata-xy=\"x:c;xo:24px;y:b;yo:132px;\"\n\t\t\t\t\t\t\t\tdata-text=\"s:18;l:22;a:center;\"\n\t\t\t\t\t\t\t\tdata-dim=\"w:100%;\"\n\t\t\t\t\t\t\t\tdata-basealign=\"slide\"\n\t\t\t\t\t\t\t\tdata-frame_999=\"o:0;st:w;sR:8700;\"\n\t\t\t\t\t\t\t\tstyle=\"z-index:8;font-family:'Montserrat';\"\n\t\t\t\t\t\t\t><div class=\"col-md-2 icons-description\">\n\n<\/div>\n<div class=\"col-md-2 icons-description\">\n\t<span class=\"icon-toolbox custom-icons\"><\/span>\n\t<p>20 Jahren  <br>Erfahrung<\/p>\n<\/div>\n<div class=\"col-md-2 icons-description\">\n\t<span class=\"icon-pencil custom-icons\"><\/span>\n\t<p>2500 Anfragen <br> pro Jahr bearbeitet<\/p>\n<\/div>\n<div class=\"col-md-2 icons-description\">\n\t<span class=\"icon-map custom-icons\"><\/span>\n\t<p>Intervention in der  <br>ganzen Schweiz<\/p>\n<\/div>\n<div class=\"col-md-2 icons-description\">\n\t<span class=\"icon-tools-2 custom-icons\"><\/span>\n\t<p>Kundendienst  <br>24\/24 und 7\/7j<\/p>\n<\/div>\n<div class=\"col-md-2 icons-description\">\n\n<\/div> \n\t\t\t\t\t\t\t<\/rs-layer><!--\n-->\t\t\t\t\t<\/rs-slide>\n\t\t\t\t\t<\/rs-slides>\n\t\t\t\t<\/rs-module>\n\t\t\t\t<script>\n\t\t\t\t\tsetREVStartSize({c: 'rev_slider_3_1',rl:[1240,1024,1024,480],el:[500,500,500,320],gw:[1240,1380,1380,480],gh:[500,500,500,320],type:'standard',justify:'',layout:'fullwidth',mh:\"0\"});if (window.RS_MODULES!==undefined && window.RS_MODULES.modules!==undefined && window.RS_MODULES.modules[\"revslider31\"]!==undefined) {window.RS_MODULES.modules[\"revslider31\"].once = false;window.revapi3 = undefined;if (window.RS_MODULES.checkMinimal!==undefined) window.RS_MODULES.checkMinimal()}\n\t\t\t\t<\/script>\n\t\t\t<\/rs-module-wrap>\n\t\t\t<!-- END REVOLUTION SLIDER -->\n[\/vc_column][\/vc_row][vc_row parallax=&#8220;content-moving&#8220;][vc_column][vc_column_text]<div class=\"ts-title\">\n\t\t\t<h3 >Kontakt<\/h3>\n\t\t\t<p class=\"lead\" style=\"\"><span class=\"bottom-botder\"><\/span><\/p>\n\t\t<\/div>[\/vc_column_text][\/vc_column][\/vc_row][vc_row parallax=&#8220;content-moving&#8220; parallax_image=&#8220;24&#8243; el_class=&#8220;services&#8220; css=&#8220;.vc_custom_1497522359625{padding-bottom: 30px !important;}&#8220;][vc_column width=&#8220;2\/3&#8243; el_class=&#8220;contact-map&#8220;][vc_gmaps link=&#8220;#E-8_JTNDaWZyYW1lJTIwc3JjJTNEJTIyaHR0cHMlM0ElMkYlMkZ3d3cuZ29vZ2xlLmNvbSUyRm1hcHMlMkZlbWJlZCUzRnBiJTNEJTIxMW0xOCUyMTFtMTIlMjExbTMlMjExZDg4MzE4LjU3ODI5NjkxNTMxJTIxMmQ2LjEzNDI3NjY2NjM4NDA5MSUyMTNkNDYuMjMxMjI4MjE1MjUxODk2JTIxMm0zJTIxMWYwJTIxMmYwJTIxM2YwJTIxM20yJTIxMWkxMDI0JTIxMmk3NjglMjE0ZjEzLjElMjEzbTMlMjExbTIlMjExczB4NDc4YzZmNmI3NzlkNTg4YiUyNTNBMHg1ZjRhMjMxZDY0NjI1NGM3JTIxMnNlbWklMkJjb25zZWlsJTIxNWUwJTIxM20yJTIxMXNmciUyMTJzdG4lMjE0djE1MTc1NzY2NjYyMDIlMjIlMjB3aWR0aCUzRCUyMjYwMCUyMiUyMGhlaWdodCUzRCUyMjQ1MCUyMiUyMGZyYW1lYm9yZGVyJTNEJTIyMCUyMiUyMHN0eWxlJTNEJTIyYm9yZGVyJTNBMCUyMiUyMGFsbG93ZnVsbHNjcmVlbiUzRSUzQyUyRmlmcmFtZSUzRQ==&#8220;][\/vc_column][vc_column width=&#8220;1\/3&#8243; el_class=&#8220;contact-details&#8220;][vc_column_text]<\/p>\n<div class=\"adresse\"><label>Adresse :<\/label><br \/>\nRoute de Thonon 152a \u2013 1222 V\u00e9senaz \u2013 CH<\/div>\n<div class=\"phone\"><label>Telefon-Nr:<\/label><br \/>\n<a href=\"tel:+41 22 321 38 60\">+41 22 321 38 60<\/a><\/div>\n<div class=\"email\"><label>E-mail :<\/label><br \/>\n<a href=\"mailto:contact@emi-conseil.ch\">contact@emi-conseil.ch<\/a><\/div>\n<p>[\/vc_column_text][\/vc_column][\/vc_row][vc_row parallax=&#8220;content-moving&#8220; parallax_image=&#8220;24&#8243; el_class=&#8220;services&#8220; css=&#8220;.vc_custom_1497522359625{padding-bottom: 30px !important;}&#8220;][vc_column width=&#8220;2\/3&#8243; el_class=&#8220;contact-map&#8220;][vc_gmaps link=&#8220;#E-8_JTNDaWZyYW1lJTIwc3JjJTNEJTIyaHR0cHMlM0ElMkYlMkZ3d3cuZ29vZ2xlLmNvbSUyRm1hcHMlMkZlbWJlZCUzRnBiJTNEJTIxMW0xOCUyMTFtMTIlMjExbTMlMjExZDcwNzEyLjEzNzkxNjc2MjUlMjEyZDYuNjA3NjU2OTAzMTY2NjM3JTIxM2Q0Ni41NDM3MTA2OTk1ODEzNyUyMTJtMyUyMTFmMCUyMTJmMCUyMTNmMCUyMTNtMiUyMTFpMTAyNCUyMTJpNzY4JTIxNGYxMy4xJTIxM20zJTIxMW0yJTIxMXMweDQ3OGMyZTFkYWI1MDU5YzklMjUzQTB4NGEyYTFkNmVjMWFlOWJjOCUyMTJzQ2hlbWluJTJCZHUlMkJQZXRpdC1GbG9uJTJCMjklMjUyQyUyQjEwNTIlMkJMZSUyQk1vbnQtc3VyLUxhdXNhbm5lJTI1MkMlMkJTd2l0emVybGFuZCUyMTVlMCUyMTNtMiUyMTFzZW4lMjEyc3RuJTIxNHYxNTIxMDE2OTI1OTYwJTIyJTIwd2lkdGglM0QlMjI2MDAlMjIlMjBoZWlnaHQlM0QlMjI0NTAlMjIlMjBmcmFtZWJvcmRlciUzRCUyMjAlMjIlMjBzdHlsZSUzRCUyMmJvcmRlciUzQTAlMjIlMjBhbGxvd2Z1bGxzY3JlZW4lM0UlM0MlMkZpZnJhbWUlM0U=&#8220;][\/vc_column][vc_column width=&#8220;1\/3&#8243; el_class=&#8220;contact-details&#8220;][vc_column_text]<\/p>\n<div class=\"adresse\"><label>Adresse :<\/label><br \/>\nChemin du Petit-Flon 29 CH 1052 Le Mont-sur-Lausanne<\/div>\n<div class=\"phone\"><label>Telefon-Nr:<\/label><br \/>\n<a href=\"tel:+41 22 321 38 60\">+41 22 321 38 60<\/a><\/div>\n<div class=\"email\"><label>E-mail :<\/label><br \/>\n<a href=\"mailto:contact@emi-conseil.ch\">contact@emi-conseil.ch<\/a><\/div>\n<p>[\/vc_column_text][\/vc_column][\/vc_row][vc_row full_width=&#8220;stretch_row&#8220; css=&#8220;.vc_custom_1497522366637{padding-bottom: 60px !important;background-color: #62615f !important;}&#8220;][vc_column][vc_column_text]<div class=\"ts-title\">\n\t\t\t<h3 >Kontakt<\/h3>\n\t\t\t<p class=\"lead\" style=\"\"><span class=\"bottom-botder\"><\/span><\/p>\n\t\t<\/div>[\/vc_column_text][vc_row_inner css=&#8220;.vc_custom_1497526897061{margin-top: 50px !important;}&#8220;][vc_column_inner offset=&#8220;vc_col-lg-offset-2 vc_col-lg-8&#8243;]\n<div class=\"wpcf7 no-js\" id=\"wpcf7-f949-o1\" lang=\"fr-FR\" dir=\"ltr\" data-wpcf7-id=\"949\">\n<div class=\"screen-reader-response\"><p role=\"status\" aria-live=\"polite\" aria-atomic=\"true\"><\/p> <ul><\/ul><\/div>\n<form action=\"\/de\/wp-json\/wp\/v2\/pages\/847#wpcf7-f949-o1\" method=\"post\" class=\"wpcf7-form init wpcf7-acceptance-as-validation\" aria-label=\"Formulaire de contact\" novalidate=\"novalidate\" data-status=\"init\">\n<fieldset class=\"hidden-fields-container\"><input type=\"hidden\" name=\"_wpcf7\" value=\"949\" \/><input type=\"hidden\" name=\"_wpcf7_version\" value=\"6.1.5\" \/><input type=\"hidden\" name=\"_wpcf7_locale\" value=\"fr_FR\" \/><input type=\"hidden\" name=\"_wpcf7_unit_tag\" value=\"wpcf7-f949-o1\" \/><input type=\"hidden\" name=\"_wpcf7_container_post\" value=\"0\" \/><input type=\"hidden\" name=\"_wpcf7_posted_data_hash\" value=\"\" \/><input type=\"hidden\" name=\"_wpcf7_recaptcha_response\" value=\"\" \/>\n<\/fieldset>\n<div class=\"col-md-3\">\n\t<p><span class=\"wpcf7-form-control-wrap\" data-name=\"your-name\"><input size=\"40\" maxlength=\"400\" class=\"wpcf7-form-control wpcf7-text wpcf7-validates-as-required\" aria-required=\"true\" aria-invalid=\"false\" placeholder=\"Name\" value=\"\" type=\"text\" name=\"your-name\" \/><\/span>\n\t<\/p>\n<\/div>\n<div class=\"col-md-3\">\n\t<p><span class=\"wpcf7-form-control-wrap\" data-name=\"your-firstname\"><input size=\"40\" maxlength=\"400\" class=\"wpcf7-form-control wpcf7-text wpcf7-validates-as-required\" aria-required=\"true\" aria-invalid=\"false\" placeholder=\"Vorname\" value=\"\" type=\"text\" name=\"your-firstname\" \/><\/span>\n\t<\/p>\n<\/div>\n<div class=\"col-md-3\">\n\t<p><span class=\"wpcf7-form-control-wrap\" data-name=\"your-email\"><input size=\"40\" maxlength=\"400\" class=\"wpcf7-form-control wpcf7-email wpcf7-validates-as-required wpcf7-text wpcf7-validates-as-email\" aria-required=\"true\" aria-invalid=\"false\" placeholder=\"Email\" value=\"\" type=\"email\" name=\"your-email\" \/><\/span>\n\t<\/p>\n<\/div>\n<div class=\"col-md-3\">\n\t<p><span class=\"wpcf7-form-control-wrap\" data-name=\"your-phone\"><input size=\"40\" maxlength=\"400\" class=\"wpcf7-form-control wpcf7-text wpcf7-validates-as-required\" aria-required=\"true\" aria-invalid=\"false\" placeholder=\"Telefon-Nr\" value=\"\" type=\"text\" name=\"your-phone\" \/><\/span>\n\t<\/p>\n<\/div>\n<div class=\"col-md-12\">\n\t<p><span class=\"wpcf7-form-control-wrap\" data-name=\"your-message\"><textarea cols=\"40\" rows=\"10\" maxlength=\"2000\" class=\"wpcf7-form-control wpcf7-textarea wpcf7-validates-as-required\" aria-required=\"true\" aria-invalid=\"false\" placeholder=\"Mitteilung\" name=\"your-message\"><\/textarea><\/span>\n\t<\/p>\n<\/div>\n<div class=\"col-md-12 text-center\">\n\t<p><span class=\"wpcf7-form-control-wrap\" data-name=\"cmplz-acceptance\"><span class=\"wpcf7-form-control wpcf7-acceptance\"><span class=\"wpcf7-list-item\"><label><input type=\"checkbox\" name=\"cmplz-acceptance\" value=\"1\" aria-invalid=\"false\" \/><span class=\"wpcf7-list-item-label\">Um dieses Formular abschicken zu k\u00f6nnen, m\u00fcssen Sie unsere <a href=\"\/de\/datenschutzerklaerung\/\" target=\"_blank\">Datenschutzerkl\u00e4rung<\/a> akzeptieren<\/span><\/label><\/span><\/span><\/span>\n\t<\/p>\n\t<p><input class=\"wpcf7-form-control wpcf7-submit has-spinner\" type=\"submit\" value=\"Senden\" \/>\n\t<\/p>\n<\/div><div class=\"wpcf7-response-output\" aria-hidden=\"true\"><\/div>\n<\/form>\n<\/div>\n[\/vc_column_inner][\/vc_row_inner][\/vc_column][\/vc_row]<\/p>\n<\/div>","protected":false},"excerpt":{"rendered":"<p>[vc_row][vc_column][\/vc_column][\/vc_row][vc_row parallax=&#8220;content-moving&#8220;][vc_column][vc_column_text][\/vc_column_text][\/vc_column][\/vc_row][vc_row parallax=&#8220;content-moving&#8220; parallax_image=&#8220;24&#8243; el_class=&#8220;services&#8220; css=&#8220;.vc_custom_1497522359625{padding-bottom: 30px !important;}&#8220;][vc_column width=&#8220;2\/3&#8243; el_class=&#8220;contact-map&#8220;][vc_gmaps link=&#8220;#E-8_JTNDaWZyYW1lJTIwc3JjJTNEJTIyaHR0cHMlM0ElMkYlMkZ3d3cuZ29vZ2xlLmNvbSUyRm1hcHMlMkZlbWJlZCUzRnBiJTNEJTIxMW0xOCUyMTFtMTIlMjExbTMlMjExZDg4MzE4LjU3ODI5NjkxNTMxJTIxMmQ2LjEzNDI3NjY2NjM4NDA5MSUyMTNkNDYuMjMxMjI4MjE1MjUxODk2JTIxMm0zJTIxMWYwJTIxMmYwJTIxM2YwJTIxM20yJTIxMWkxMDI0JTIxMmk3NjglMjE0ZjEzLjElMjEzbTMlMjExbTIlMjExczB4NDc4YzZmNmI3NzlkNTg4YiUyNTNBMHg1ZjRhMjMxZDY0NjI1NGM3JTIxMnNlbWklMkJjb25zZWlsJTIxNWUwJTIxM20yJTIxMXNmciUyMTJzdG4lMjE0djE1MTc1NzY2NjYyMDIlMjIlMjB3aWR0aCUzRCUyMjYwMCUyMiUyMGhlaWdodCUzRCUyMjQ1MCUyMiUyMGZyYW1lYm9yZGVyJTNEJTIyMCUyMiUyMHN0eWxlJTNEJTIyYm9yZGVyJTNBMCUyMiUyMGFsbG93ZnVsbHNjcmVlbiUzRSUzQyUyRmlmcmFtZSUzRQ==&#8220;][\/vc_column][vc_column width=&#8220;1\/3&#8243; el_class=&#8220;contact-details&#8220;][vc_column_text] Adresse : Route de Thonon 152a \u2013 1222 V\u00e9senaz \u2013 CH Telefon-Nr: +41 22 321 38 60 E-mail : contact@emi-conseil.ch [\/vc_column_text][\/vc_column][\/vc_row][vc_row parallax=&#8220;content-moving&#8220; parallax_image=&#8220;24&#8243; el_class=&#8220;services&#8220; css=&#8220;.vc_custom_1497522359625{padding-bottom: 30px !important;}&#8220;][vc_column width=&#8220;2\/3&#8243; el_class=&#8220;contact-map&#8220;][vc_gmaps link=&#8220;#E-8_JTNDaWZyYW1lJTIwc3JjJTNEJTIyaHR0cHMlM0ElMkYlMkZ3d3cuZ29vZ2xlLmNvbSUyRm1hcHMlMkZlbWJlZCUzRnBiJTNEJTIxMW0xOCUyMTFtMTIlMjExbTMlMjExZDcwNzEyLjEzNzkxNjc2MjUlMjEyZDYuNjA3NjU2OTAzMTY2NjM3JTIxM2Q0Ni41NDM3MTA2OTk1ODEzNyUyMTJtMyUyMTFmMCUyMTJmMCUyMTNmMCUyMTNtMiUyMTFpMTAyNCUyMTJpNzY4JTIxNGYxMy4xJTIxM20zJTIxMW0yJTIxMXMweDQ3OGMyZTFkYWI1MDU5YzklMjUzQTB4NGEyYTFkNmVjMWFlOWJjOCUyMTJzQ2hlbWluJTJCZHUlMkJQZXRpdC1GbG9uJTJCMjklMjUyQyUyQjEwNTIlMkJMZSUyQk1vbnQtc3VyLUxhdXNhbm5lJTI1MkMlMkJTd2l0emVybGFuZCUyMTVlMCUyMTNtMiUyMTFzZW4lMjEyc3RuJTIxNHYxNTIxMDE2OTI1OTYwJTIyJTIwd2lkdGglM0QlMjI2MDAlMjIlMjBoZWlnaHQlM0QlMjI0NTAlMjIlMjBmcmFtZWJvcmRlciUzRCUyMjAlMjIlMjBzdHlsZSUzRCUyMmJvcmRlciUzQTAlMjIlMjBhbGxvd2Z1bGxzY3JlZW4lM0UlM0MlMkZpZnJhbWUlM0U=&#8220;][\/vc_column][vc_column width=&#8220;1\/3&#8243; el_class=&#8220;contact-details&#8220;][vc_column_text] Adresse : Chemin du Petit-Flon 29 CH 1052 Le Mont-sur-Lausanne [&hellip;]<\/p>\n","protected":false},"author":2,"featured_media":0,"parent":0,"menu_order":0,"comment_status":"closed","ping_status":"closed","template":"","meta":{"_acf_changed":false,"footnotes":""},"class_list":["post-847","page","type-page","status-publish","hentry"],"acf":[],"yoast_head":"<!-- This site is optimized with the Yoast SEO plugin v24.0 - https:\/\/yoast.com\/wordpress\/plugins\/seo\/ -->\n<title>Emi Conseil | Contact pour Am\u00e9nagement int\u00e9rieur et r\u00e9novation Gen\u00e8ve<\/title>\n<meta name=\"description\" content=\"Emi Conseil r\u00e9pondra \u00e0 toutes vos questions par t\u00e9l\u00e9phone, mail concernant la r\u00e9novation, la construction ou l&#039;am\u00e9nagement de vos bureaux, commerces, magasins, locaux en Suisse, que ce soit \u00e0 Gen\u00e8ve, Lausanne, Zurich, B\u00e2le, Berne, Neuch\u00e2tel, Montreux, Lugano, Lucerne.\" \/>\n<meta name=\"robots\" content=\"index, follow, max-snippet:-1, max-image-preview:large, max-video-preview:-1\" \/>\n<link rel=\"canonical\" href=\"https:\/\/www.emi-conseil.ch\/de\/contact\/\" \/>\n<meta property=\"og:locale\" content=\"de_DE\" \/>\n<meta property=\"og:type\" content=\"article\" \/>\n<meta property=\"og:title\" content=\"Emi Conseil | Contact pour Am\u00e9nagement int\u00e9rieur et r\u00e9novation Gen\u00e8ve\" \/>\n<meta property=\"og:description\" content=\"Emi Conseil r\u00e9pondra \u00e0 toutes vos questions par t\u00e9l\u00e9phone, mail concernant la r\u00e9novation, la construction ou l&#039;am\u00e9nagement de vos bureaux, commerces, magasins, locaux en Suisse, que ce soit \u00e0 Gen\u00e8ve, Lausanne, Zurich, B\u00e2le, Berne, Neuch\u00e2tel, Montreux, Lugano, Lucerne.\" \/>\n<meta property=\"og:url\" content=\"https:\/\/www.emi-conseil.ch\/de\/contact\/\" \/>\n<meta property=\"og:site_name\" content=\"EmiConseil\" \/>\n<meta property=\"article:modified_time\" content=\"2018-04-02T10:05:25+00:00\" \/>\n<meta name=\"twitter:card\" content=\"summary_large_image\" \/>\n<meta name=\"twitter:label1\" content=\"Gesch\u00e4tzte Lesezeit\" \/>\n\t<meta name=\"twitter:data1\" content=\"2\u00a0Minuten\" \/>\n<script type=\"application\/ld+json\" class=\"yoast-schema-graph\">{\"@context\":\"https:\/\/schema.org\",\"@graph\":[{\"@type\":\"WebPage\",\"@id\":\"https:\/\/www.emi-conseil.ch\/de\/contact\/\",\"url\":\"https:\/\/www.emi-conseil.ch\/de\/contact\/\",\"name\":\"Emi Conseil | Contact pour Am\u00e9nagement int\u00e9rieur et r\u00e9novation Gen\u00e8ve\",\"isPartOf\":{\"@id\":\"https:\/\/www.emi-conseil.ch\/#website\"},\"datePublished\":\"2017-06-14T10:51:52+00:00\",\"dateModified\":\"2018-04-02T10:05:25+00:00\",\"description\":\"Emi Conseil r\u00e9pondra \u00e0 toutes vos questions par t\u00e9l\u00e9phone, mail concernant la r\u00e9novation, la construction ou l'am\u00e9nagement de vos bureaux, commerces, magasins, locaux en Suisse, que ce soit \u00e0 Gen\u00e8ve, Lausanne, Zurich, B\u00e2le, Berne, Neuch\u00e2tel, Montreux, Lugano, Lucerne.\",\"breadcrumb\":{\"@id\":\"https:\/\/www.emi-conseil.ch\/de\/contact\/#breadcrumb\"},\"inLanguage\":\"de\",\"potentialAction\":[{\"@type\":\"ReadAction\",\"target\":[\"https:\/\/www.emi-conseil.ch\/de\/contact\/\"]}]},{\"@type\":\"BreadcrumbList\",\"@id\":\"https:\/\/www.emi-conseil.ch\/de\/contact\/#breadcrumb\",\"itemListElement\":[{\"@type\":\"ListItem\",\"position\":1,\"name\":\"Accueil\",\"item\":\"https:\/\/www.emi-conseil.ch\/de\/\"},{\"@type\":\"ListItem\",\"position\":2,\"name\":\"Kontaktieren Sie uns\"}]},{\"@type\":\"WebSite\",\"@id\":\"https:\/\/www.emi-conseil.ch\/#website\",\"url\":\"https:\/\/www.emi-conseil.ch\/\",\"name\":\"EmiConseil\",\"description\":\"\",\"publisher\":{\"@id\":\"https:\/\/www.emi-conseil.ch\/#organization\"},\"potentialAction\":[{\"@type\":\"SearchAction\",\"target\":{\"@type\":\"EntryPoint\",\"urlTemplate\":\"https:\/\/www.emi-conseil.ch\/?s={search_term_string}\"},\"query-input\":{\"@type\":\"PropertyValueSpecification\",\"valueRequired\":true,\"valueName\":\"search_term_string\"}}],\"inLanguage\":\"de\"},{\"@type\":\"Organization\",\"@id\":\"https:\/\/www.emi-conseil.ch\/#organization\",\"name\":\"EMI Conseil\",\"url\":\"https:\/\/www.emi-conseil.ch\/\",\"logo\":{\"@type\":\"ImageObject\",\"inLanguage\":\"de\",\"@id\":\"https:\/\/www.emi-conseil.ch\/#\/schema\/logo\/image\/\",\"url\":\"https:\/\/www.emi-conseil.ch\/wp-content\/uploads\/2017\/06\/emi-conseil.jpg\",\"contentUrl\":\"https:\/\/www.emi-conseil.ch\/wp-content\/uploads\/2017\/06\/emi-conseil.jpg\",\"width\":101,\"height\":94,\"caption\":\"EMI Conseil\"},\"image\":{\"@id\":\"https:\/\/www.emi-conseil.ch\/#\/schema\/logo\/image\/\"}}]}<\/script>\n<!-- \/ Yoast SEO plugin. -->","yoast_head_json":{"title":"Emi Conseil | Contact pour Am\u00e9nagement int\u00e9rieur et r\u00e9novation Gen\u00e8ve","description":"Emi Conseil r\u00e9pondra \u00e0 toutes vos questions par t\u00e9l\u00e9phone, mail concernant la r\u00e9novation, la construction ou l'am\u00e9nagement de vos bureaux, commerces, magasins, locaux en Suisse, que ce soit \u00e0 Gen\u00e8ve, Lausanne, Zurich, B\u00e2le, Berne, Neuch\u00e2tel, Montreux, Lugano, Lucerne.","robots":{"index":"index","follow":"follow","max-snippet":"max-snippet:-1","max-image-preview":"max-image-preview:large","max-video-preview":"max-video-preview:-1"},"canonical":"https:\/\/www.emi-conseil.ch\/de\/contact\/","og_locale":"de_DE","og_type":"article","og_title":"Emi Conseil | Contact pour Am\u00e9nagement int\u00e9rieur et r\u00e9novation Gen\u00e8ve","og_description":"Emi Conseil r\u00e9pondra \u00e0 toutes vos questions par t\u00e9l\u00e9phone, mail concernant la r\u00e9novation, la construction ou l'am\u00e9nagement de vos bureaux, commerces, magasins, locaux en Suisse, que ce soit \u00e0 Gen\u00e8ve, Lausanne, Zurich, B\u00e2le, Berne, Neuch\u00e2tel, Montreux, Lugano, Lucerne.","og_url":"https:\/\/www.emi-conseil.ch\/de\/contact\/","og_site_name":"EmiConseil","article_modified_time":"2018-04-02T10:05:25+00:00","twitter_card":"summary_large_image","twitter_misc":{"Gesch\u00e4tzte Lesezeit":"2\u00a0Minuten"},"schema":{"@context":"https:\/\/schema.org","@graph":[{"@type":"WebPage","@id":"https:\/\/www.emi-conseil.ch\/de\/contact\/","url":"https:\/\/www.emi-conseil.ch\/de\/contact\/","name":"Emi Conseil | Contact pour Am\u00e9nagement int\u00e9rieur et r\u00e9novation Gen\u00e8ve","isPartOf":{"@id":"https:\/\/www.emi-conseil.ch\/#website"},"datePublished":"2017-06-14T10:51:52+00:00","dateModified":"2018-04-02T10:05:25+00:00","description":"Emi Conseil r\u00e9pondra \u00e0 toutes vos questions par t\u00e9l\u00e9phone, mail concernant la r\u00e9novation, la construction ou l'am\u00e9nagement de vos bureaux, commerces, magasins, locaux en Suisse, que ce soit \u00e0 Gen\u00e8ve, Lausanne, Zurich, B\u00e2le, Berne, Neuch\u00e2tel, Montreux, Lugano, Lucerne.","breadcrumb":{"@id":"https:\/\/www.emi-conseil.ch\/de\/contact\/#breadcrumb"},"inLanguage":"de","potentialAction":[{"@type":"ReadAction","target":["https:\/\/www.emi-conseil.ch\/de\/contact\/"]}]},{"@type":"BreadcrumbList","@id":"https:\/\/www.emi-conseil.ch\/de\/contact\/#breadcrumb","itemListElement":[{"@type":"ListItem","position":1,"name":"Accueil","item":"https:\/\/www.emi-conseil.ch\/de\/"},{"@type":"ListItem","position":2,"name":"Kontaktieren Sie uns"}]},{"@type":"WebSite","@id":"https:\/\/www.emi-conseil.ch\/#website","url":"https:\/\/www.emi-conseil.ch\/","name":"EmiConseil","description":"","publisher":{"@id":"https:\/\/www.emi-conseil.ch\/#organization"},"potentialAction":[{"@type":"SearchAction","target":{"@type":"EntryPoint","urlTemplate":"https:\/\/www.emi-conseil.ch\/?s={search_term_string}"},"query-input":{"@type":"PropertyValueSpecification","valueRequired":true,"valueName":"search_term_string"}}],"inLanguage":"de"},{"@type":"Organization","@id":"https:\/\/www.emi-conseil.ch\/#organization","name":"EMI Conseil","url":"https:\/\/www.emi-conseil.ch\/","logo":{"@type":"ImageObject","inLanguage":"de","@id":"https:\/\/www.emi-conseil.ch\/#\/schema\/logo\/image\/","url":"https:\/\/www.emi-conseil.ch\/wp-content\/uploads\/2017\/06\/emi-conseil.jpg","contentUrl":"https:\/\/www.emi-conseil.ch\/wp-content\/uploads\/2017\/06\/emi-conseil.jpg","width":101,"height":94,"caption":"EMI Conseil"},"image":{"@id":"https:\/\/www.emi-conseil.ch\/#\/schema\/logo\/image\/"}}]}},"_links":{"self":[{"href":"https:\/\/www.emi-conseil.ch\/de\/wp-json\/wp\/v2\/pages\/847","targetHints":{"allow":["GET"]}}],"collection":[{"href":"https:\/\/www.emi-conseil.ch\/de\/wp-json\/wp\/v2\/pages"}],"about":[{"href":"https:\/\/www.emi-conseil.ch\/de\/wp-json\/wp\/v2\/types\/page"}],"author":[{"embeddable":true,"href":"https:\/\/www.emi-conseil.ch\/de\/wp-json\/wp\/v2\/users\/2"}],"replies":[{"embeddable":true,"href":"https:\/\/www.emi-conseil.ch\/de\/wp-json\/wp\/v2\/comments?post=847"}],"version-history":[{"count":10,"href":"https:\/\/www.emi-conseil.ch\/de\/wp-json\/wp\/v2\/pages\/847\/revisions"}],"predecessor-version":[{"id":1142,"href":"https:\/\/www.emi-conseil.ch\/de\/wp-json\/wp\/v2\/pages\/847\/revisions\/1142"}],"wp:attachment":[{"href":"https:\/\/www.emi-conseil.ch\/de\/wp-json\/wp\/v2\/media?parent=847"}],"curies":[{"name":"wp","href":"https:\/\/api.w.org\/{rel}","templated":true}]}}