{"id":918,"date":"2018-03-23T12:32:42","date_gmt":"2018-03-23T11:32:42","guid":{"rendered":"https:\/\/www.emi-conseil.ch\/?page_id=918\/"},"modified":"2018-09-07T00:15:57","modified_gmt":"2018-09-06T22:15:57","slug":"buroeinrichtung-geschafteinrichtung-genf-lausanne-zurich-basel","status":"publish","type":"page","link":"https:\/\/www.emi-conseil.ch\/de\/buroeinrichtung-geschafteinrichtung-genf-lausanne-zurich-basel\/","title":{"rendered":"Einrichtung"},"content":{"rendered":"<div class=\"wpb-content-wrapper\"><p>[vc_row 0=&#8220;&#8220;][vc_column 0=&#8220;&#8220;][vc_column_text 0=&#8220;&#8220;]\n\t\t\t<!-- START Am\u00e9nagement REVOLUTION SLIDER 6.7.23 --><p class=\"rs-p-wp-fix\"><\/p>\n\t\t\t<rs-module-wrap id=\"rev_slider_8_1_wrapper\" data-source=\"gallery\" style=\"visibility:hidden;background:transparent;padding:0;margin:0px auto;margin-top:0;margin-bottom:0;\">\n\t\t\t\t<rs-module id=\"rev_slider_8_1\" style=\"\" data-version=\"6.7.23\">\n\t\t\t\t\t<rs-slides style=\"overflow: hidden; position: absolute;\">\n\t\t\t\t\t\t<rs-slide style=\"position: absolute;\" data-key=\"rs-55\" data-title=\"Slide\" data-anim=\"adpr:false;\" data-in=\"o:0;\" data-out=\"a:false;\">\n\t\t\t\t\t\t\t<img decoding=\"async\" src=\"\/\/www.emi-conseil.ch\/wp-content\/plugins\/revslider\/sr6\/assets\/assets\/dummy.png\" alt=\"\" title=\"Einrichtung\" class=\"rev-slidebg tp-rs-img rs-lazyload\" data-lazyload=\"\/\/www.emi-conseil.ch\/wp-content\/uploads\/2017\/06\/amenagement-magasin-bershka.jpg\" data-no-retina>\n<!--\n\t\t\t\t\t\t\t--><rs-layer\n\t\t\t\t\t\t\t\tid=\"slider-8-slide-55-layer-1\" \n\t\t\t\t\t\t\t\tdata-type=\"text\"\n\t\t\t\t\t\t\t\tdata-rsp_ch=\"on\"\n\t\t\t\t\t\t\t\tdata-xy=\"xo:30px;y:m;yo:0,50px,50px,50px;\"\n\t\t\t\t\t\t\t\tdata-text=\"s:70,70,70,30;l:22;a:inherit;\"\n\t\t\t\t\t\t\t\tdata-dim=\"h:auto,0px,0px,0px;\"\n\t\t\t\t\t\t\t\tdata-frame_1=\"sp:310;sR:10;\"\n\t\t\t\t\t\t\t\tdata-frame_999=\"o:0;st:w;sR:8680;\"\n\t\t\t\t\t\t\t\tstyle=\"z-index:5;font-family:'Montserrat';\"\n\t\t\t\t\t\t\t>Einrichtung \n\t\t\t\t\t\t\t<\/rs-layer><!--\n\n\t\t\t\t\t\t\t--><rs-layer\n\t\t\t\t\t\t\t\tid=\"slider-8-slide-55-layer-4\" \n\t\t\t\t\t\t\t\tclass=\"tp-shape tp-shapewrapper\"\n\t\t\t\t\t\t\t\tdata-type=\"shape\"\n\t\t\t\t\t\t\t\tdata-rsp_ch=\"on\"\n\t\t\t\t\t\t\t\tdata-xy=\"xo:30px;y:m;yo:-60px,0,-60px,0;\"\n\t\t\t\t\t\t\t\tdata-text=\"a:inherit;\"\n\t\t\t\t\t\t\t\tdata-dim=\"w:175px;h:2px;\"\n\t\t\t\t\t\t\t\tdata-frame_1=\"sp:310;sR:10;\"\n\t\t\t\t\t\t\t\tdata-frame_999=\"o:0;st:w;sR:8680;\"\n\t\t\t\t\t\t\t\tstyle=\"z-index:6;background-color:#c6aa92;\"\n\t\t\t\t\t\t\t> \n\t\t\t\t\t\t\t<\/rs-layer><!--\n\n\t\t\t\t\t\t\t--><rs-layer\n\t\t\t\t\t\t\t\tid=\"slider-8-slide-55-layer-5\" \n\t\t\t\t\t\t\t\tclass=\"trust-element\"\n\t\t\t\t\t\t\t\tdata-type=\"text\"\n\t\t\t\t\t\t\t\tdata-rsp_ch=\"on\"\n\t\t\t\t\t\t\t\tdata-xy=\"x:c;xo:1px;y:b;yo:138px;\"\n\t\t\t\t\t\t\t\tdata-text=\"s:18;l:22;a:center;\"\n\t\t\t\t\t\t\t\tdata-dim=\"w:100%;\"\n\t\t\t\t\t\t\t\tdata-basealign=\"slide\"\n\t\t\t\t\t\t\t\tdata-frame_1=\"sp:310;sR:10;\"\n\t\t\t\t\t\t\t\tdata-frame_999=\"o:0;st:w;sR:8680;\"\n\t\t\t\t\t\t\t\tstyle=\"z-index:7;font-family:'Montserrat';\"\n\t\t\t\t\t\t\t><div class=\"col-md-2 icons-description\">\n\n<\/div>\n<div class=\"col-md-2 icons-description\">\n\t<span class=\"icon-toolbox custom-icons\"><\/span>\n\t<p>20 Jahren  <br>Erfahrung<\/p>\n<\/div>\n<div class=\"col-md-2 icons-description\">\n\t<span class=\"icon-pencil custom-icons\"><\/span>\n\t<p>2500 Anfragen <br> pro Jahr bearbeitet<\/p>\n<\/div>\n<div class=\"col-md-2 icons-description\">\n\t<span class=\"icon-map custom-icons\"><\/span>\n\t<p>Intervention in der  <br>ganzen Schweiz<\/p>\n<\/div>\n<div class=\"col-md-2 icons-description\">\n\t<span class=\"icon-tools-2 custom-icons\"><\/span>\n\t<p>Kundendienst  <br>24\/24 und 7\/7j<\/p>\n<\/div>\n<div class=\"col-md-2 icons-description\">\n\n<\/div> \n\t\t\t\t\t\t\t<\/rs-layer><!--\n-->\t\t\t\t\t<\/rs-slide>\n\t\t\t\t\t<\/rs-slides>\n\t\t\t\t<\/rs-module>\n\t\t\t\t<script>\n\t\t\t\t\tsetREVStartSize({c: 'rev_slider_8_1',rl:[1240,1024,1024,480],el:[500,500,500,320],gw:[1240,1380,1380,480],gh:[500,500,500,320],type:'standard',justify:'',layout:'fullwidth',mh:\"0\"});if (window.RS_MODULES!==undefined && window.RS_MODULES.modules!==undefined && window.RS_MODULES.modules[\"revslider81\"]!==undefined) {window.RS_MODULES.modules[\"revslider81\"].once = false;window.revapi8 = undefined;if (window.RS_MODULES.checkMinimal!==undefined) window.RS_MODULES.checkMinimal()}\n\t\t\t\t<\/script>\n\t\t\t<\/rs-module-wrap>\n\t\t\t<!-- END REVOLUTION SLIDER -->\n[\/vc_column_text][vc_column_text el_class=&#8220;Titre-home&#8220;]<\/p>\n<h1>B\u00fcroeinrichtung Gesch\u00e4fteinrichtung Genf Lausanne Z\u00fcrich Basel<\/h1>\n<p>[\/vc_column_text][\/vc_column][\/vc_row][vc_row parallax=&#8220;content-moving&#8220;][vc_column 0=&#8220;&#8220;][vc_column_text 0=&#8220;&#8220;]<div class=\"ts-title\">\n\t\t\t<h3 >Einrichtung<\/h3>\n\t\t\t<p class=\"lead\" style=\"\">Die Gestaltung der Einrichtung ist das verbindende Element von Architektur, Design und Dekoration<span class=\"bottom-botder\"><\/span><\/p>\n\t\t<\/div>[\/vc_column_text][\/vc_column][\/vc_row][vc_row parallax=&#8220;content-moving&#8220; parallax_image=&#8220;24&#8243; el_class=&#8220;services&#8220; css=&#8220;.vc_custom_1497866580459{padding-bottom: 60px !important;}&#8220;][vc_column el_class=&#8220;contact-map&#8220;][vc_row_inner equal_height=&#8220;yes&#8220; content_placement=&#8220;middle&#8220; css=&#8220;.vc_custom_1497868564882{padding-bottom: 60px !important;}&#8220;][vc_column_inner width=&#8220;1\/2&#8243;][vc_single_image image=&#8220;718&#8243; img_size=&#8220;large&#8220; css_animation=&#8220;flipInX&#8220;][\/vc_column_inner][vc_column_inner width=&#8220;1\/2&#8243; css=&#8220;.vc_custom_1497868531332{padding-top: 0px !important;padding-bottom: 0px !important;}&#8220;][vc_column_text css_animation=&#8220;fadeIn&#8220;]<\/p>\n<p>Wir bieten Ihnen verschiedene M\u00f6glichkeiten zur Gestaltung. Sei es Schaufenstergestaltung, Firmenlogos, Einrichtung von B\u00fcror\u00e4umlichkeiten oder ein Designkonzept f\u00fcr Ihre R\u00e4umlichkeiten.<\/p>\n<p>Wir engagieren uns f\u00fcr eine Ausf\u00fchrung nach Ihren W\u00fcnschen und garantieren einen reibungslosen Ablauf. Wir begleiten Ihr Projekt in allen Phasen:<\/p>\n<ul>\n<li>Ihre Ideen<\/li>\n<li>Ihre Anforderungen<\/li>\n<li>Aufmass<\/li>\n<li>Bestellungen<\/li>\n<li>Lieferung<\/li>\n<li>Einbau<\/li>\n<\/ul>\n<p>Wir erledigen alle notwendigen beh\u00f6rdlichen Prozesse f\u00fcr Sie, unter Ber\u00fccksichtigung der aktuellen Vorschriften und Normen.<\/p>\n<p>[\/vc_column_text][\/vc_column_inner][\/vc_row_inner][vc_column_text 0=&#8220;&#8220;]<\/p>\n\n\t\t<div id='gallery-1' class='gallery galleryid-918 gallery-columns-3 gallery-size-full gallery1'><script type=\"text\/javascript\">\r\n\/\/ <![CDATA[\r\n\tjQuery(document).ready(function () {\r\n\t\tjQuery(\".gallery1 a\").attr(\"rel\",\"gallery1\");\t\r\n\t\tjQuery('a[rel=\"gallery1\"]').colorbox({maxWidth:\"95%\", maxHeight:\"95%\",title: function(){ return jQuery(this).children().attr(\"alt\"); }, });\r\n\t});\r\n\/\/ ]]>\r\n<\/script>\n<figure class=\"gallery-item\">\n<div class=\"gallery-icon\">\r\n<a href=\"https:\/\/www.emi-conseil.ch\/wp-content\/uploads\/2018\/03\/amenagement-de-bureaux.jpg\" title=\"\" rel=\"gallery1\"><img loading=\"lazy\" decoding=\"async\" src=\"https:\/\/www.emi-conseil.ch\/wp-content\/uploads\/2018\/03\/amenagement-de-bureaux.jpg\" width=\"489\" height=\"487\" alt=\"bauleitung genf lausanne zurich\" \/><\/a>\r\n<\/div><\/figure><figure class=\"gallery-item\">\n<div class=\"gallery-icon\">\r\n<a href=\"https:\/\/www.emi-conseil.ch\/wp-content\/uploads\/2018\/03\/amenagement-magasin-pret-a-porter.jpg\" title=\"\" rel=\"gallery1\"><img loading=\"lazy\" decoding=\"async\" src=\"https:\/\/www.emi-conseil.ch\/wp-content\/uploads\/2018\/03\/amenagement-magasin-pret-a-porter.jpg\" width=\"490\" height=\"487\" alt=\"ampoules emi light geneve lausanne zurich\" \/><\/a>\r\n<\/div><\/figure><figure class=\"gallery-item\">\n<div class=\"gallery-icon\">\r\n<a href=\"https:\/\/www.emi-conseil.ch\/wp-content\/uploads\/2018\/03\/amenagement-interieur.jpg\" title=\"\" rel=\"gallery1\"><img loading=\"lazy\" decoding=\"async\" src=\"https:\/\/www.emi-conseil.ch\/wp-content\/uploads\/2018\/03\/amenagement-interieur.jpg\" width=\"490\" height=\"488\" alt=\"amenagement magasin boutique glatt nyon monthey\" \/><\/a>\r\n<\/div><\/figure>\r\n\t\t<\/div>\n\n<p>[\/vc_column_text][\/vc_column][\/vc_row]<\/p>\n<\/div>","protected":false},"excerpt":{"rendered":"<p>[vc_row 0=&#8220;&#8220;][vc_column 0=&#8220;&#8220;][vc_column_text 0=&#8220;&#8220;][\/vc_column_text][vc_column_text el_class=&#8220;Titre-home&#8220;] B\u00fcroeinrichtung Gesch\u00e4fteinrichtung Genf Lausanne Z\u00fcrich Basel [\/vc_column_text][\/vc_column][\/vc_row][vc_row parallax=&#8220;content-moving&#8220;][vc_column 0=&#8220;&#8220;][vc_column_text 0=&#8220;&#8220;][\/vc_column_text][\/vc_column][\/vc_row][vc_row parallax=&#8220;content-moving&#8220; parallax_image=&#8220;24&#8243; el_class=&#8220;services&#8220; css=&#8220;.vc_custom_1497866580459{padding-bottom: 60px !important;}&#8220;][vc_column el_class=&#8220;contact-map&#8220;][vc_row_inner equal_height=&#8220;yes&#8220; content_placement=&#8220;middle&#8220; css=&#8220;.vc_custom_1497868564882{padding-bottom: 60px !important;}&#8220;][vc_column_inner width=&#8220;1\/2&#8243;][vc_single_image image=&#8220;718&#8243; img_size=&#8220;large&#8220; css_animation=&#8220;flipInX&#8220;][\/vc_column_inner][vc_column_inner width=&#8220;1\/2&#8243; css=&#8220;.vc_custom_1497868531332{padding-top: 0px !important;padding-bottom: 0px !important;}&#8220;][vc_column_text css_animation=&#8220;fadeIn&#8220;] Wir bieten Ihnen verschiedene M\u00f6glichkeiten zur Gestaltung. Sei es Schaufenstergestaltung, Firmenlogos, Einrichtung von B\u00fcror\u00e4umlichkeiten oder ein Designkonzept [&hellip;]<\/p>\n","protected":false},"author":2,"featured_media":0,"parent":0,"menu_order":0,"comment_status":"closed","ping_status":"closed","template":"","meta":{"_acf_changed":false,"footnotes":""},"class_list":["post-918","page","type-page","status-publish","hentry"],"acf":[],"yoast_head":"<!-- This site is optimized with the Yoast SEO plugin v24.0 - https:\/\/yoast.com\/wordpress\/plugins\/seo\/ -->\n<title>Emi Conseil | B\u00fcroeinrichtung Gesch\u00e4fteinrichtung Genf Lausanne Z\u00fcrich Basel<\/title>\n<meta name=\"description\" content=\"Emi Conseil f\u00fchrt die Entwicklung Ihrer B\u00fcros, Gesch\u00e4fte, Gesch\u00e4fte und Gesch\u00e4fte durch. In Genf, Lausanne, Z\u00fcrich und Basel haben viele Gesch\u00e4fte unser Konzept \u00fcbernommen. Das Layout ist eine direkte Verbindung mit der Architektur, Design und Dekoration und erm\u00f6glicht eine bessere Wartung.\" \/>\n<meta name=\"robots\" content=\"index, follow, max-snippet:-1, max-image-preview:large, max-video-preview:-1\" \/>\n<link rel=\"canonical\" href=\"https:\/\/www.emi-conseil.ch\/de\/buroeinrichtung-geschafteinrichtung-genf-lausanne-zurich-basel\/\" \/>\n<meta property=\"og:locale\" content=\"de_DE\" \/>\n<meta property=\"og:type\" content=\"article\" \/>\n<meta property=\"og:title\" content=\"Emi Conseil | B\u00fcroeinrichtung Gesch\u00e4fteinrichtung Genf Lausanne Z\u00fcrich Basel\" \/>\n<meta property=\"og:description\" content=\"Emi Conseil f\u00fchrt die Entwicklung Ihrer B\u00fcros, Gesch\u00e4fte, Gesch\u00e4fte und Gesch\u00e4fte durch. In Genf, Lausanne, Z\u00fcrich und Basel haben viele Gesch\u00e4fte unser Konzept \u00fcbernommen. Das Layout ist eine direkte Verbindung mit der Architektur, Design und Dekoration und erm\u00f6glicht eine bessere Wartung.\" \/>\n<meta property=\"og:url\" content=\"https:\/\/www.emi-conseil.ch\/de\/buroeinrichtung-geschafteinrichtung-genf-lausanne-zurich-basel\/\" \/>\n<meta property=\"og:site_name\" content=\"EmiConseil\" \/>\n<meta property=\"article:modified_time\" content=\"2018-09-06T22:15:57+00:00\" \/>\n<meta property=\"og:image\" content=\"https:\/\/www.emi-conseil.ch\/wp-content\/uploads\/2018\/03\/amenagement-de-bureaux.jpg\" \/>\n<meta name=\"twitter:card\" content=\"summary_large_image\" \/>\n<meta name=\"twitter:label1\" content=\"Gesch\u00e4tzte Lesezeit\" \/>\n\t<meta name=\"twitter:data1\" content=\"1\u00a0Minute\" \/>\n<script type=\"application\/ld+json\" class=\"yoast-schema-graph\">{\"@context\":\"https:\/\/schema.org\",\"@graph\":[{\"@type\":\"WebPage\",\"@id\":\"https:\/\/www.emi-conseil.ch\/de\/buroeinrichtung-geschafteinrichtung-genf-lausanne-zurich-basel\/\",\"url\":\"https:\/\/www.emi-conseil.ch\/de\/buroeinrichtung-geschafteinrichtung-genf-lausanne-zurich-basel\/\",\"name\":\"Emi Conseil | B\u00fcroeinrichtung Gesch\u00e4fteinrichtung Genf Lausanne Z\u00fcrich Basel\",\"isPartOf\":{\"@id\":\"https:\/\/www.emi-conseil.ch\/#website\"},\"datePublished\":\"2018-03-23T11:32:42+00:00\",\"dateModified\":\"2018-09-06T22:15:57+00:00\",\"description\":\"Emi Conseil f\u00fchrt die Entwicklung Ihrer B\u00fcros, Gesch\u00e4fte, Gesch\u00e4fte und Gesch\u00e4fte durch. In Genf, Lausanne, Z\u00fcrich und Basel haben viele Gesch\u00e4fte unser Konzept \u00fcbernommen. Das Layout ist eine direkte Verbindung mit der Architektur, Design und Dekoration und erm\u00f6glicht eine bessere Wartung.\",\"breadcrumb\":{\"@id\":\"https:\/\/www.emi-conseil.ch\/de\/buroeinrichtung-geschafteinrichtung-genf-lausanne-zurich-basel\/#breadcrumb\"},\"inLanguage\":\"de\",\"potentialAction\":[{\"@type\":\"ReadAction\",\"target\":[\"https:\/\/www.emi-conseil.ch\/de\/buroeinrichtung-geschafteinrichtung-genf-lausanne-zurich-basel\/\"]}]},{\"@type\":\"BreadcrumbList\",\"@id\":\"https:\/\/www.emi-conseil.ch\/de\/buroeinrichtung-geschafteinrichtung-genf-lausanne-zurich-basel\/#breadcrumb\",\"itemListElement\":[{\"@type\":\"ListItem\",\"position\":1,\"name\":\"Accueil\",\"item\":\"https:\/\/www.emi-conseil.ch\/de\/\"},{\"@type\":\"ListItem\",\"position\":2,\"name\":\"Einrichtung\"}]},{\"@type\":\"WebSite\",\"@id\":\"https:\/\/www.emi-conseil.ch\/#website\",\"url\":\"https:\/\/www.emi-conseil.ch\/\",\"name\":\"EmiConseil\",\"description\":\"\",\"publisher\":{\"@id\":\"https:\/\/www.emi-conseil.ch\/#organization\"},\"potentialAction\":[{\"@type\":\"SearchAction\",\"target\":{\"@type\":\"EntryPoint\",\"urlTemplate\":\"https:\/\/www.emi-conseil.ch\/?s={search_term_string}\"},\"query-input\":{\"@type\":\"PropertyValueSpecification\",\"valueRequired\":true,\"valueName\":\"search_term_string\"}}],\"inLanguage\":\"de\"},{\"@type\":\"Organization\",\"@id\":\"https:\/\/www.emi-conseil.ch\/#organization\",\"name\":\"EMI Conseil\",\"url\":\"https:\/\/www.emi-conseil.ch\/\",\"logo\":{\"@type\":\"ImageObject\",\"inLanguage\":\"de\",\"@id\":\"https:\/\/www.emi-conseil.ch\/#\/schema\/logo\/image\/\",\"url\":\"https:\/\/www.emi-conseil.ch\/wp-content\/uploads\/2017\/06\/emi-conseil.jpg\",\"contentUrl\":\"https:\/\/www.emi-conseil.ch\/wp-content\/uploads\/2017\/06\/emi-conseil.jpg\",\"width\":101,\"height\":94,\"caption\":\"EMI Conseil\"},\"image\":{\"@id\":\"https:\/\/www.emi-conseil.ch\/#\/schema\/logo\/image\/\"}}]}<\/script>\n<!-- \/ Yoast SEO plugin. -->","yoast_head_json":{"title":"Emi Conseil | B\u00fcroeinrichtung Gesch\u00e4fteinrichtung Genf Lausanne Z\u00fcrich Basel","description":"Emi Conseil f\u00fchrt die Entwicklung Ihrer B\u00fcros, Gesch\u00e4fte, Gesch\u00e4fte und Gesch\u00e4fte durch. In Genf, Lausanne, Z\u00fcrich und Basel haben viele Gesch\u00e4fte unser Konzept \u00fcbernommen. Das Layout ist eine direkte Verbindung mit der Architektur, Design und Dekoration und erm\u00f6glicht eine bessere Wartung.","robots":{"index":"index","follow":"follow","max-snippet":"max-snippet:-1","max-image-preview":"max-image-preview:large","max-video-preview":"max-video-preview:-1"},"canonical":"https:\/\/www.emi-conseil.ch\/de\/buroeinrichtung-geschafteinrichtung-genf-lausanne-zurich-basel\/","og_locale":"de_DE","og_type":"article","og_title":"Emi Conseil | B\u00fcroeinrichtung Gesch\u00e4fteinrichtung Genf Lausanne Z\u00fcrich Basel","og_description":"Emi Conseil f\u00fchrt die Entwicklung Ihrer B\u00fcros, Gesch\u00e4fte, Gesch\u00e4fte und Gesch\u00e4fte durch. In Genf, Lausanne, Z\u00fcrich und Basel haben viele Gesch\u00e4fte unser Konzept \u00fcbernommen. Das Layout ist eine direkte Verbindung mit der Architektur, Design und Dekoration und erm\u00f6glicht eine bessere Wartung.","og_url":"https:\/\/www.emi-conseil.ch\/de\/buroeinrichtung-geschafteinrichtung-genf-lausanne-zurich-basel\/","og_site_name":"EmiConseil","article_modified_time":"2018-09-06T22:15:57+00:00","og_image":[{"url":"https:\/\/www.emi-conseil.ch\/wp-content\/uploads\/2018\/03\/amenagement-de-bureaux.jpg","type":"","width":"","height":""}],"twitter_card":"summary_large_image","twitter_misc":{"Gesch\u00e4tzte Lesezeit":"1\u00a0Minute"},"schema":{"@context":"https:\/\/schema.org","@graph":[{"@type":"WebPage","@id":"https:\/\/www.emi-conseil.ch\/de\/buroeinrichtung-geschafteinrichtung-genf-lausanne-zurich-basel\/","url":"https:\/\/www.emi-conseil.ch\/de\/buroeinrichtung-geschafteinrichtung-genf-lausanne-zurich-basel\/","name":"Emi Conseil | B\u00fcroeinrichtung Gesch\u00e4fteinrichtung Genf Lausanne Z\u00fcrich Basel","isPartOf":{"@id":"https:\/\/www.emi-conseil.ch\/#website"},"datePublished":"2018-03-23T11:32:42+00:00","dateModified":"2018-09-06T22:15:57+00:00","description":"Emi Conseil f\u00fchrt die Entwicklung Ihrer B\u00fcros, Gesch\u00e4fte, Gesch\u00e4fte und Gesch\u00e4fte durch. In Genf, Lausanne, Z\u00fcrich und Basel haben viele Gesch\u00e4fte unser Konzept \u00fcbernommen. Das Layout ist eine direkte Verbindung mit der Architektur, Design und Dekoration und erm\u00f6glicht eine bessere Wartung.","breadcrumb":{"@id":"https:\/\/www.emi-conseil.ch\/de\/buroeinrichtung-geschafteinrichtung-genf-lausanne-zurich-basel\/#breadcrumb"},"inLanguage":"de","potentialAction":[{"@type":"ReadAction","target":["https:\/\/www.emi-conseil.ch\/de\/buroeinrichtung-geschafteinrichtung-genf-lausanne-zurich-basel\/"]}]},{"@type":"BreadcrumbList","@id":"https:\/\/www.emi-conseil.ch\/de\/buroeinrichtung-geschafteinrichtung-genf-lausanne-zurich-basel\/#breadcrumb","itemListElement":[{"@type":"ListItem","position":1,"name":"Accueil","item":"https:\/\/www.emi-conseil.ch\/de\/"},{"@type":"ListItem","position":2,"name":"Einrichtung"}]},{"@type":"WebSite","@id":"https:\/\/www.emi-conseil.ch\/#website","url":"https:\/\/www.emi-conseil.ch\/","name":"EmiConseil","description":"","publisher":{"@id":"https:\/\/www.emi-conseil.ch\/#organization"},"potentialAction":[{"@type":"SearchAction","target":{"@type":"EntryPoint","urlTemplate":"https:\/\/www.emi-conseil.ch\/?s={search_term_string}"},"query-input":{"@type":"PropertyValueSpecification","valueRequired":true,"valueName":"search_term_string"}}],"inLanguage":"de"},{"@type":"Organization","@id":"https:\/\/www.emi-conseil.ch\/#organization","name":"EMI Conseil","url":"https:\/\/www.emi-conseil.ch\/","logo":{"@type":"ImageObject","inLanguage":"de","@id":"https:\/\/www.emi-conseil.ch\/#\/schema\/logo\/image\/","url":"https:\/\/www.emi-conseil.ch\/wp-content\/uploads\/2017\/06\/emi-conseil.jpg","contentUrl":"https:\/\/www.emi-conseil.ch\/wp-content\/uploads\/2017\/06\/emi-conseil.jpg","width":101,"height":94,"caption":"EMI Conseil"},"image":{"@id":"https:\/\/www.emi-conseil.ch\/#\/schema\/logo\/image\/"}}]}},"_links":{"self":[{"href":"https:\/\/www.emi-conseil.ch\/de\/wp-json\/wp\/v2\/pages\/918","targetHints":{"allow":["GET"]}}],"collection":[{"href":"https:\/\/www.emi-conseil.ch\/de\/wp-json\/wp\/v2\/pages"}],"about":[{"href":"https:\/\/www.emi-conseil.ch\/de\/wp-json\/wp\/v2\/types\/page"}],"author":[{"embeddable":true,"href":"https:\/\/www.emi-conseil.ch\/de\/wp-json\/wp\/v2\/users\/2"}],"replies":[{"embeddable":true,"href":"https:\/\/www.emi-conseil.ch\/de\/wp-json\/wp\/v2\/comments?post=918"}],"version-history":[{"count":6,"href":"https:\/\/www.emi-conseil.ch\/de\/wp-json\/wp\/v2\/pages\/918\/revisions"}],"predecessor-version":[{"id":2310,"href":"https:\/\/www.emi-conseil.ch\/de\/wp-json\/wp\/v2\/pages\/918\/revisions\/2310"}],"wp:attachment":[{"href":"https:\/\/www.emi-conseil.ch\/de\/wp-json\/wp\/v2\/media?parent=918"}],"curies":[{"name":"wp","href":"https:\/\/api.w.org\/{rel}","templated":true}]}}