{"id":551,"date":"2018-02-22T09:50:37","date_gmt":"2018-02-22T08:50:37","guid":{"rendered":"https:\/\/www.emi-conseil.ch\/?page_id=551\/"},"modified":"2025-12-14T14:13:09","modified_gmt":"2025-12-14T13:13:09","slug":"construction-renovation-geneva-bern-lausanne-zurich","status":"publish","type":"page","link":"https:\/\/www.emi-conseil.ch\/en\/construction-renovation-geneva-bern-lausanne-zurich\/","title":{"rendered":"Who we are"},"content":{"rendered":"<div class=\"wpb-content-wrapper\"><p>[vc_row 0=&#8221;&#8221;][vc_column 0=&#8221;&#8221;][vc_column_text 0=&#8221;&#8221;]\n\t\t\t<!-- START Qui sommesnous ? REVOLUTION SLIDER 6.7.23 --><p class=\"rs-p-wp-fix\"><\/p>\n\t\t\t<rs-module-wrap id=\"rev_slider_6_1_wrapper\" data-source=\"gallery\" style=\"visibility:hidden;background:transparent;padding:0;margin:0px auto;margin-top:0;margin-bottom:0;\">\n\t\t\t\t<rs-module id=\"rev_slider_6_1\" style=\"\" data-version=\"6.7.23\">\n\t\t\t\t\t<rs-slides style=\"overflow: hidden; position: absolute;\">\n\t\t\t\t\t\t<rs-slide style=\"position: absolute;\" data-key=\"rs-29\" data-title=\"Slide\" data-anim=\"adpr:false;\" data-in=\"o:0;\" data-out=\"a:false;\">\n\t\t\t\t\t\t\t<img decoding=\"async\" src=\"\/\/www.emi-conseil.ch\/wp-content\/plugins\/revslider\/sr6\/assets\/assets\/dummy.png\" alt=\"\" title=\"Who we are\" class=\"rev-slidebg tp-rs-img rs-lazyload\" data-lazyload=\"\/\/www.emi-conseil.ch\/wp-content\/uploads\/2017\/06\/emilight-slide.jpg\" data-no-retina>\n<!--\n\t\t\t\t\t\t\t--><rs-layer\n\t\t\t\t\t\t\t\tid=\"slider-6-slide-29-layer-1\" \n\t\t\t\t\t\t\t\tdata-type=\"text\"\n\t\t\t\t\t\t\t\tdata-rsp_ch=\"on\"\n\t\t\t\t\t\t\t\tdata-xy=\"xo:30px;y:m;yo:0,50px,50px,50px;\"\n\t\t\t\t\t\t\t\tdata-text=\"s:70,70,70,30;l:22;a:inherit;\"\n\t\t\t\t\t\t\t\tdata-frame_999=\"o:0;st:w;sR:8700;\"\n\t\t\t\t\t\t\t\tstyle=\"z-index:5;font-family:'Montserrat';\"\n\t\t\t\t\t\t\t>About us \n\t\t\t\t\t\t\t<\/rs-layer><!--\n\n\t\t\t\t\t\t\t--><rs-layer\n\t\t\t\t\t\t\t\tid=\"slider-6-slide-29-layer-4\" \n\t\t\t\t\t\t\t\tclass=\"tp-shape tp-shapewrapper\"\n\t\t\t\t\t\t\t\tdata-type=\"shape\"\n\t\t\t\t\t\t\t\tdata-rsp_ch=\"on\"\n\t\t\t\t\t\t\t\tdata-xy=\"xo:30px;y:m;yo:-60px,0,-60px,0;\"\n\t\t\t\t\t\t\t\tdata-text=\"a:inherit;\"\n\t\t\t\t\t\t\t\tdata-dim=\"w:175px;h:2px;\"\n\t\t\t\t\t\t\t\tdata-frame_999=\"o:0;st:w;sR:8700;\"\n\t\t\t\t\t\t\t\tstyle=\"z-index:6;background-color:#c6aa92;\"\n\t\t\t\t\t\t\t> \n\t\t\t\t\t\t\t<\/rs-layer><!--\n\n\t\t\t\t\t\t\t--><rs-layer\n\t\t\t\t\t\t\t\tid=\"slider-6-slide-29-layer-5\" \n\t\t\t\t\t\t\t\tclass=\"trust-element\"\n\t\t\t\t\t\t\t\tdata-type=\"text\"\n\t\t\t\t\t\t\t\tdata-rsp_ch=\"on\"\n\t\t\t\t\t\t\t\tdata-xy=\"x:c;xo:18px;y:b;yo:161px;\"\n\t\t\t\t\t\t\t\tdata-text=\"s:18;l:22;a:center;\"\n\t\t\t\t\t\t\t\tdata-dim=\"w:100%;\"\n\t\t\t\t\t\t\t\tdata-basealign=\"slide\"\n\t\t\t\t\t\t\t\tdata-frame_999=\"o:0;st:w;sR:8700;\"\n\t\t\t\t\t\t\t\tstyle=\"z-index:7;font-family:'Montserrat';\"\n\t\t\t\t\t\t\t><div class=\"col-md-2 icons-description\">\n\n<\/div>\n<div class=\"col-md-2 icons-description\">\n\t<span class=\"icon-toolbox custom-icons\"><\/span>\n\t<p>20 years  <br>of experience<\/p>\n<\/div>\n<div class=\"col-md-2 icons-description\">\n\t<span class=\"icon-pencil custom-icons\"><\/span>\n\t<p>Dealing with 2500 <br> requests per year<\/p>\n<\/div>\n<div class=\"col-md-2 icons-description\">\n\t<span class=\"icon-map custom-icons\"><\/span>\n\t<p>Covering  <br>all Switzerland<\/p>\n<\/div>\n<div class=\"col-md-2 icons-description\">\n\t<span class=\"icon-tools-2 custom-icons\"><\/span>\n\t<p>Emergency service \u00a0 <br>24\/7<\/p>\n<\/div>\n<div class=\"col-md-2 icons-description\">\n\n<\/div> \n\t\t\t\t\t\t\t<\/rs-layer><!--\n-->\t\t\t\t\t<\/rs-slide>\n\t\t\t\t\t<\/rs-slides>\n\t\t\t\t<\/rs-module>\n\t\t\t\t<script>\n\t\t\t\t\tsetREVStartSize({c: 'rev_slider_6_1',rl:[1240,1024,1024,480],el:[500,500,500,320],gw:[1299,1380,1380,480],gh:[500,500,500,320],type:'standard',justify:'',layout:'fullwidth',mh:\"0\"});if (window.RS_MODULES!==undefined && window.RS_MODULES.modules!==undefined && window.RS_MODULES.modules[\"revslider61\"]!==undefined) {window.RS_MODULES.modules[\"revslider61\"].once = false;window.revapi6 = undefined;if (window.RS_MODULES.checkMinimal!==undefined) window.RS_MODULES.checkMinimal()}\n\t\t\t\t<\/script>\n\t\t\t<\/rs-module-wrap>\n\t\t\t<!-- END REVOLUTION SLIDER -->\n[\/vc_column_text][vc_column_text el_class=&#8221;Titre-home&#8221;]<\/p>\n<h1>Construction Renovation Geneva Bern Lausanne Zurich<\/h1>\n<p>[\/vc_column_text][\/vc_column][\/vc_row][vc_row parallax=&#8221;content-moving&#8221;][vc_column 0=&#8221;&#8221;][vc_column_text 0=&#8221;&#8221;]<div class=\"ts-title\">\n\t\t\t<h3 >Who we are<\/h3>\n\t\t\t<p class=\"lead\" style=\"\"><br \/>\n<strong>Experts at your service !<\/strong><span class=\"bottom-botder\"><\/span><\/p>\n\t\t<\/div>[\/vc_column_text][\/vc_column][\/vc_row][vc_row parallax=&#8221;content-moving&#8221; parallax_image=&#8221;24&#8243; el_class=&#8221;services&#8221; css=&#8221;.vc_custom_1497866580459{padding-bottom: 60px !important;}&#8221;][vc_column el_class=&#8221;contact-map&#8221;][vc_row_inner 0=&#8221;&#8221;][vc_column_inner width=&#8221;1\/2&#8243;][vc_single_image image=&#8221;768&#8243; img_size=&#8221;full&#8221; alignment=&#8221;center&#8221; css_animation=&#8221;flipInX&#8221;][\/vc_column_inner][vc_column_inner width=&#8221;1\/2&#8243;][vc_column_text css=&#8221;.vc_custom_1765717987875{margin-bottom: 80px !important;}&#8221;]For many years customers have trusted the Geneva based company Emi Conseil with their Facility Management and Construction projects.<\/p>\n<p>Emi Conseil will find the perfect solution for each project and will accompany you through all project phases (Feasibility studies, Authorizations, Planning, Site supervision and monitoring, Maintenance, Emergency Services)<\/p>\n<p>Emi Conseil is your partner for all of Switzerland as we speak French, German and English. Right now we already care for 250 shops and offices.<\/p>\n<p>Our large network of carefully selected expert partners means we can provide record time action and smooth processing.<\/p>\n<p>Our proactive customer service will visit you regularly and provide you with comprehensive information as to the condition of your facility. We will advise and alert you in time if action needs to be taken.<\/p>\n<p>Emi Conseil <strong>acts quickly and efficiently. <\/strong>Your needs are our priority!<\/p>\n<p><strong>\u00a0<\/strong>[\/vc_column_text][\/vc_column_inner][\/vc_row_inner][vc_column_text]<\/p>\n\n\t\t<div id='gallery-1' class='gallery galleryid-551 gallery-columns-4 gallery-size-full gallery1'><script type=\"text\/javascript\">\r\n\/\/ <![CDATA[\r\n\tjQuery(document).ready(function () {\r\n\t\tjQuery(\".gallery1 a\").attr(\"rel\",\"gallery1\");\t\r\n\t\tjQuery('a[rel=\"gallery1\"]').colorbox({maxWidth:\"95%\", maxHeight:\"95%\",title: function(){ return jQuery(this).children().attr(\"alt\"); }, });\r\n\t});\r\n\/\/ ]]>\r\n<\/script>\n<figure class=\"gallery-item\">\n<div class=\"gallery-icon\">\r\n<a href=\"https:\/\/www.emi-conseil.ch\/wp-content\/uploads\/2017\/06\/emi-conseil-1.jpg\" title=\"\" rel=\"gallery1\"><img loading=\"lazy\" decoding=\"async\" src=\"https:\/\/www.emi-conseil.ch\/wp-content\/uploads\/2017\/06\/emi-conseil-1.jpg\" width=\"1000\" height=\"750\" alt=\"renovation company geneva lausanne zurich\" \/><\/a>\r\n<\/div><\/figure><figure class=\"gallery-item\">\n<div class=\"gallery-icon\">\r\n<a href=\"https:\/\/www.emi-conseil.ch\/wp-content\/uploads\/2017\/06\/emi-conseil-2.jpg\" title=\"\" rel=\"gallery1\"><img loading=\"lazy\" decoding=\"async\" src=\"https:\/\/www.emi-conseil.ch\/wp-content\/uploads\/2017\/06\/emi-conseil-2.jpg\" width=\"1000\" height=\"750\" alt=\"facility management glatt nyon monthey\" \/><\/a>\r\n<\/div><\/figure><figure class=\"gallery-item\">\n<div class=\"gallery-icon\">\r\n<a href=\"https:\/\/www.emi-conseil.ch\/wp-content\/uploads\/2017\/06\/emi-conseil-3.jpg\" title=\"\" rel=\"gallery1\"><img loading=\"lazy\" decoding=\"async\" src=\"https:\/\/www.emi-conseil.ch\/wp-content\/uploads\/2017\/06\/emi-conseil-3.jpg\" width=\"1000\" height=\"750\" alt=\"construction maintenance martigny luzern freiburg\" \/><\/a>\r\n<\/div><\/figure><figure class=\"gallery-item\">\n<div class=\"gallery-icon\">\r\n<a href=\"https:\/\/www.emi-conseil.ch\/wp-content\/uploads\/2017\/06\/emi-conseil-4.jpg\" title=\"\" rel=\"gallery1\"><img loading=\"lazy\" decoding=\"async\" src=\"https:\/\/www.emi-conseil.ch\/wp-content\/uploads\/2017\/06\/emi-conseil-4.jpg\" width=\"1000\" height=\"750\" alt=\"renovation amenagement lugano montreux conthey\" \/><\/a>\r\n<\/div><\/figure>\r\n\t\t<\/div>\n\n<p>[\/vc_column_text][\/vc_column][\/vc_row]<\/p>\n<\/div>","protected":false},"excerpt":{"rendered":"<p>[vc_row 0=&#8221;&#8221;][vc_column 0=&#8221;&#8221;][vc_column_text 0=&#8221;&#8221;][\/vc_column_text][vc_column_text el_class=&#8221;Titre-home&#8221;] Construction Renovation Geneva Bern Lausanne Zurich [\/vc_column_text][\/vc_column][\/vc_row][vc_row parallax=&#8221;content-moving&#8221;][vc_column 0=&#8221;&#8221;][vc_column_text 0=&#8221;&#8221;][\/vc_column_text][\/vc_column][\/vc_row][vc_row parallax=&#8221;content-moving&#8221; parallax_image=&#8221;24&#8243; el_class=&#8221;services&#8221; css=&#8221;.vc_custom_1497866580459{padding-bottom: 60px !important;}&#8221;][vc_column el_class=&#8221;contact-map&#8221;][vc_row_inner 0=&#8221;&#8221;][vc_column_inner width=&#8221;1\/2&#8243;][vc_single_image image=&#8221;768&#8243; img_size=&#8221;full&#8221; alignment=&#8221;center&#8221; css_animation=&#8221;flipInX&#8221;][\/vc_column_inner][vc_column_inner width=&#8221;1\/2&#8243;][vc_column_text css=&#8221;.vc_custom_1765717987875{margin-bottom: 80px !important;}&#8221;]For many years customers have trusted the Geneva based company Emi Conseil with their Facility Management and Construction projects. Emi Conseil will find the [&hellip;]<\/p>\n","protected":false},"author":2,"featured_media":0,"parent":0,"menu_order":0,"comment_status":"closed","ping_status":"closed","template":"","meta":{"_acf_changed":false,"footnotes":""},"class_list":["post-551","page","type-page","status-publish","hentry"],"acf":[],"yoast_head":"<!-- This site is optimized with the Yoast SEO plugin v24.0 - https:\/\/yoast.com\/wordpress\/plugins\/seo\/ -->\n<title>Emi Conseil | Construction R\u00e9novation Gen\u00e8ve Berne Lausanne Zurich<\/title>\n<meta name=\"description\" content=\"Emi Conseil vous propose une solution adapt\u00e9e \u00e0 chacun de vos projets. L&#039;entreprise g\u00e9n\u00e9rale propose des travaux de r\u00e9novation, de construction et d&#039;am\u00e9nagement. Sur Gen\u00e8ve, Berne, Lausanne, Zurich, B\u00e2le, Neuch\u00e2tel l&#039;\u00e9quipe organise la maintenance de vos locaux \u00e0 l&#039;aide du facility management.\" \/>\n<meta name=\"robots\" content=\"index, follow, max-snippet:-1, max-image-preview:large, max-video-preview:-1\" \/>\n<link rel=\"canonical\" href=\"https:\/\/www.emi-conseil.ch\/en\/construction-renovation-geneva-bern-lausanne-zurich\/\" \/>\n<meta property=\"og:locale\" content=\"en_US\" \/>\n<meta property=\"og:type\" content=\"article\" \/>\n<meta property=\"og:title\" content=\"Emi Conseil | Construction R\u00e9novation Gen\u00e8ve Berne Lausanne Zurich\" \/>\n<meta property=\"og:description\" content=\"Emi Conseil vous propose une solution adapt\u00e9e \u00e0 chacun de vos projets. L&#039;entreprise g\u00e9n\u00e9rale propose des travaux de r\u00e9novation, de construction et d&#039;am\u00e9nagement. Sur Gen\u00e8ve, Berne, Lausanne, Zurich, B\u00e2le, Neuch\u00e2tel l&#039;\u00e9quipe organise la maintenance de vos locaux \u00e0 l&#039;aide du facility management.\" \/>\n<meta property=\"og:url\" content=\"https:\/\/www.emi-conseil.ch\/en\/construction-renovation-geneva-bern-lausanne-zurich\/\" \/>\n<meta property=\"og:site_name\" content=\"Emi Conseil\" \/>\n<meta property=\"article:modified_time\" content=\"2025-12-14T13:13:09+00:00\" \/>\n<meta name=\"twitter:card\" content=\"summary_large_image\" \/>\n<meta name=\"twitter:label1\" content=\"Est. reading time\" \/>\n\t<meta name=\"twitter:data1\" content=\"2 minutes\" \/>\n<script type=\"application\/ld+json\" class=\"yoast-schema-graph\">{\"@context\":\"https:\/\/schema.org\",\"@graph\":[{\"@type\":\"WebPage\",\"@id\":\"https:\/\/www.emi-conseil.ch\/en\/construction-renovation-geneva-bern-lausanne-zurich\/\",\"url\":\"https:\/\/www.emi-conseil.ch\/en\/construction-renovation-geneva-bern-lausanne-zurich\/\",\"name\":\"Emi Conseil | Construction R\u00e9novation Gen\u00e8ve Berne Lausanne Zurich\",\"isPartOf\":{\"@id\":\"https:\/\/www.emi-conseil.ch\/#website\"},\"datePublished\":\"2018-02-22T08:50:37+00:00\",\"dateModified\":\"2025-12-14T13:13:09+00:00\",\"description\":\"Emi Conseil vous propose une solution adapt\u00e9e \u00e0 chacun de vos projets. L'entreprise g\u00e9n\u00e9rale propose des travaux de r\u00e9novation, de construction et d'am\u00e9nagement. Sur Gen\u00e8ve, Berne, Lausanne, Zurich, B\u00e2le, Neuch\u00e2tel l'\u00e9quipe organise la maintenance de vos locaux \u00e0 l'aide du facility management.\",\"breadcrumb\":{\"@id\":\"https:\/\/www.emi-conseil.ch\/en\/construction-renovation-geneva-bern-lausanne-zurich\/#breadcrumb\"},\"inLanguage\":\"en-US\",\"potentialAction\":[{\"@type\":\"ReadAction\",\"target\":[\"https:\/\/www.emi-conseil.ch\/en\/construction-renovation-geneva-bern-lausanne-zurich\/\"]}]},{\"@type\":\"BreadcrumbList\",\"@id\":\"https:\/\/www.emi-conseil.ch\/en\/construction-renovation-geneva-bern-lausanne-zurich\/#breadcrumb\",\"itemListElement\":[{\"@type\":\"ListItem\",\"position\":1,\"name\":\"Accueil\",\"item\":\"https:\/\/www.emi-conseil.ch\/en\/\"},{\"@type\":\"ListItem\",\"position\":2,\"name\":\"Who we are\"}]},{\"@type\":\"WebSite\",\"@id\":\"https:\/\/www.emi-conseil.ch\/#website\",\"url\":\"https:\/\/www.emi-conseil.ch\/\",\"name\":\"Emi Conseil\",\"description\":\"\",\"publisher\":{\"@id\":\"https:\/\/www.emi-conseil.ch\/#organization\"},\"potentialAction\":[{\"@type\":\"SearchAction\",\"target\":{\"@type\":\"EntryPoint\",\"urlTemplate\":\"https:\/\/www.emi-conseil.ch\/?s={search_term_string}\"},\"query-input\":{\"@type\":\"PropertyValueSpecification\",\"valueRequired\":true,\"valueName\":\"search_term_string\"}}],\"inLanguage\":\"en-US\"},{\"@type\":\"Organization\",\"@id\":\"https:\/\/www.emi-conseil.ch\/#organization\",\"name\":\"EMI Conseil\",\"url\":\"https:\/\/www.emi-conseil.ch\/\",\"logo\":{\"@type\":\"ImageObject\",\"inLanguage\":\"en-US\",\"@id\":\"https:\/\/www.emi-conseil.ch\/#\/schema\/logo\/image\/\",\"url\":\"https:\/\/www.emi-conseil.ch\/wp-content\/uploads\/2017\/06\/emi-conseil.jpg\",\"contentUrl\":\"https:\/\/www.emi-conseil.ch\/wp-content\/uploads\/2017\/06\/emi-conseil.jpg\",\"width\":101,\"height\":94,\"caption\":\"EMI Conseil\"},\"image\":{\"@id\":\"https:\/\/www.emi-conseil.ch\/#\/schema\/logo\/image\/\"}}]}<\/script>\n<!-- \/ Yoast SEO plugin. -->","yoast_head_json":{"title":"Emi Conseil | Construction R\u00e9novation Gen\u00e8ve Berne Lausanne Zurich","description":"Emi Conseil vous propose une solution adapt\u00e9e \u00e0 chacun de vos projets. L'entreprise g\u00e9n\u00e9rale propose des travaux de r\u00e9novation, de construction et d'am\u00e9nagement. Sur Gen\u00e8ve, Berne, Lausanne, Zurich, B\u00e2le, Neuch\u00e2tel l'\u00e9quipe organise la maintenance de vos locaux \u00e0 l'aide du facility management.","robots":{"index":"index","follow":"follow","max-snippet":"max-snippet:-1","max-image-preview":"max-image-preview:large","max-video-preview":"max-video-preview:-1"},"canonical":"https:\/\/www.emi-conseil.ch\/en\/construction-renovation-geneva-bern-lausanne-zurich\/","og_locale":"en_US","og_type":"article","og_title":"Emi Conseil | Construction R\u00e9novation Gen\u00e8ve Berne Lausanne Zurich","og_description":"Emi Conseil vous propose une solution adapt\u00e9e \u00e0 chacun de vos projets. L'entreprise g\u00e9n\u00e9rale propose des travaux de r\u00e9novation, de construction et d'am\u00e9nagement. Sur Gen\u00e8ve, Berne, Lausanne, Zurich, B\u00e2le, Neuch\u00e2tel l'\u00e9quipe organise la maintenance de vos locaux \u00e0 l'aide du facility management.","og_url":"https:\/\/www.emi-conseil.ch\/en\/construction-renovation-geneva-bern-lausanne-zurich\/","og_site_name":"Emi Conseil","article_modified_time":"2025-12-14T13:13:09+00:00","twitter_card":"summary_large_image","twitter_misc":{"Est. reading time":"2 minutes"},"schema":{"@context":"https:\/\/schema.org","@graph":[{"@type":"WebPage","@id":"https:\/\/www.emi-conseil.ch\/en\/construction-renovation-geneva-bern-lausanne-zurich\/","url":"https:\/\/www.emi-conseil.ch\/en\/construction-renovation-geneva-bern-lausanne-zurich\/","name":"Emi Conseil | Construction R\u00e9novation Gen\u00e8ve Berne Lausanne Zurich","isPartOf":{"@id":"https:\/\/www.emi-conseil.ch\/#website"},"datePublished":"2018-02-22T08:50:37+00:00","dateModified":"2025-12-14T13:13:09+00:00","description":"Emi Conseil vous propose une solution adapt\u00e9e \u00e0 chacun de vos projets. L'entreprise g\u00e9n\u00e9rale propose des travaux de r\u00e9novation, de construction et d'am\u00e9nagement. Sur Gen\u00e8ve, Berne, Lausanne, Zurich, B\u00e2le, Neuch\u00e2tel l'\u00e9quipe organise la maintenance de vos locaux \u00e0 l'aide du facility management.","breadcrumb":{"@id":"https:\/\/www.emi-conseil.ch\/en\/construction-renovation-geneva-bern-lausanne-zurich\/#breadcrumb"},"inLanguage":"en-US","potentialAction":[{"@type":"ReadAction","target":["https:\/\/www.emi-conseil.ch\/en\/construction-renovation-geneva-bern-lausanne-zurich\/"]}]},{"@type":"BreadcrumbList","@id":"https:\/\/www.emi-conseil.ch\/en\/construction-renovation-geneva-bern-lausanne-zurich\/#breadcrumb","itemListElement":[{"@type":"ListItem","position":1,"name":"Accueil","item":"https:\/\/www.emi-conseil.ch\/en\/"},{"@type":"ListItem","position":2,"name":"Who we are"}]},{"@type":"WebSite","@id":"https:\/\/www.emi-conseil.ch\/#website","url":"https:\/\/www.emi-conseil.ch\/","name":"Emi Conseil","description":"","publisher":{"@id":"https:\/\/www.emi-conseil.ch\/#organization"},"potentialAction":[{"@type":"SearchAction","target":{"@type":"EntryPoint","urlTemplate":"https:\/\/www.emi-conseil.ch\/?s={search_term_string}"},"query-input":{"@type":"PropertyValueSpecification","valueRequired":true,"valueName":"search_term_string"}}],"inLanguage":"en-US"},{"@type":"Organization","@id":"https:\/\/www.emi-conseil.ch\/#organization","name":"EMI Conseil","url":"https:\/\/www.emi-conseil.ch\/","logo":{"@type":"ImageObject","inLanguage":"en-US","@id":"https:\/\/www.emi-conseil.ch\/#\/schema\/logo\/image\/","url":"https:\/\/www.emi-conseil.ch\/wp-content\/uploads\/2017\/06\/emi-conseil.jpg","contentUrl":"https:\/\/www.emi-conseil.ch\/wp-content\/uploads\/2017\/06\/emi-conseil.jpg","width":101,"height":94,"caption":"EMI Conseil"},"image":{"@id":"https:\/\/www.emi-conseil.ch\/#\/schema\/logo\/image\/"}}]}},"_links":{"self":[{"href":"https:\/\/www.emi-conseil.ch\/en\/wp-json\/wp\/v2\/pages\/551","targetHints":{"allow":["GET"]}}],"collection":[{"href":"https:\/\/www.emi-conseil.ch\/en\/wp-json\/wp\/v2\/pages"}],"about":[{"href":"https:\/\/www.emi-conseil.ch\/en\/wp-json\/wp\/v2\/types\/page"}],"author":[{"embeddable":true,"href":"https:\/\/www.emi-conseil.ch\/en\/wp-json\/wp\/v2\/users\/2"}],"replies":[{"embeddable":true,"href":"https:\/\/www.emi-conseil.ch\/en\/wp-json\/wp\/v2\/comments?post=551"}],"version-history":[{"count":16,"href":"https:\/\/www.emi-conseil.ch\/en\/wp-json\/wp\/v2\/pages\/551\/revisions"}],"predecessor-version":[{"id":3969,"href":"https:\/\/www.emi-conseil.ch\/en\/wp-json\/wp\/v2\/pages\/551\/revisions\/3969"}],"wp:attachment":[{"href":"https:\/\/www.emi-conseil.ch\/en\/wp-json\/wp\/v2\/media?parent=551"}],"curies":[{"name":"wp","href":"https:\/\/api.w.org\/{rel}","templated":true}]}}